{"id":1864,"date":"2024-08-22T21:07:47","date_gmt":"2024-08-22T20:07:47","guid":{"rendered":"https:\/\/schuetzen-lemgo.de\/wordpress\/?page_id=1864"},"modified":"2025-12-16T10:49:16","modified_gmt":"2025-12-16T09:49:16","slug":"willkommen","status":"publish","type":"page","link":"https:\/\/schuetzen-lemgo.de\/","title":{"rendered":"Willkommen"},"content":{"rendered":"\n<div class=\"alignnormal\"><div id=\"metaslider-id-2004\" style=\"width: 100%; margin: 0 auto;\" class=\"ml-slider-3-108-0 metaslider metaslider-flex metaslider-2004 ml-slider ms-theme-default nav-hidden\" role=\"region\" aria-label=\"Main Page Slider\" data-height=\"264\" data-width=\"669\">\n    <div id=\"metaslider_container_2004\">\n        <div id=\"metaslider_2004\">\n            <ul class='slides'>\n                <li style=\"display: block; width: 100%;\" class=\"slide-2821 ms-image \" aria-roledescription=\"slide\" data-date=\"2025-05-15 16:48:03\" data-filename=\"Header_450JahreSGLemgo-669x264.jpg\" data-slide-type=\"image\"><img loading=\"lazy\" decoding=\"async\" src=\"https:\/\/schuetzen-lemgo.de\/wordpress\/wp-content\/uploads\/2025\/05\/Header_450JahreSGLemgo-669x264.jpg\" height=\"264\" width=\"669\" alt=\"\" class=\"slider-2004 slide-2821 msDefaultImage\" title=\"Header_450JahreSGLemgo\" \/><\/li>\n                <li style=\"display: none; width: 100%;\" class=\"slide-2011 ms-image \" aria-roledescription=\"slide\" data-date=\"2024-08-23 10:21:20\" data-filename=\"Slider_Main_01.jpg\" data-slide-type=\"image\"><img loading=\"lazy\" decoding=\"async\" src=\"https:\/\/schuetzen-lemgo.de\/wordpress\/wp-content\/uploads\/2024\/08\/Slider_Main_01.jpg\" height=\"264\" width=\"669\" alt=\"Slider_Main_01\" class=\"slider-2004 slide-2011 msDefaultImage\" title=\"Slider_Main_01\" \/><\/li>\n                <li style=\"display: none; width: 100%;\" class=\"slide-2012 ms-image \" aria-roledescription=\"slide\" data-date=\"2024-08-23 10:21:20\" data-filename=\"Slider_Main_02.jpg\" data-slide-type=\"image\"><img loading=\"lazy\" decoding=\"async\" src=\"https:\/\/schuetzen-lemgo.de\/wordpress\/wp-content\/uploads\/2024\/08\/Slider_Main_02.jpg\" height=\"264\" width=\"669\" alt=\"Slider_Main_02\" class=\"slider-2004 slide-2012 msDefaultImage\" title=\"Slider_Main_02\" \/><\/li>\n                <li style=\"display: none; width: 100%;\" class=\"slide-2014 ms-image \" aria-roledescription=\"slide\" data-date=\"2024-08-23 10:21:21\" data-filename=\"Slider_Main_03.jpg\" data-slide-type=\"image\"><img loading=\"lazy\" decoding=\"async\" src=\"https:\/\/schuetzen-lemgo.de\/wordpress\/wp-content\/uploads\/2024\/08\/Slider_Main_03.jpg\" height=\"264\" width=\"669\" alt=\"Slider_Main_03\" class=\"slider-2004 slide-2014 msDefaultImage\" title=\"Slider_Main_03\" \/><\/li>\n                <li style=\"display: none; width: 100%;\" class=\"slide-2013 ms-image \" aria-roledescription=\"slide\" data-date=\"2024-08-23 10:21:21\" data-filename=\"Slider_Main_04_Thron-629x248.jpg\" data-slide-type=\"image\"><img loading=\"lazy\" decoding=\"async\" src=\"https:\/\/schuetzen-lemgo.de\/wordpress\/wp-content\/uploads\/2024\/08\/Slider_Main_04_Thron-629x248.jpg\" height=\"264\" width=\"669\" alt=\"Slider_Main_04_Thron\" class=\"slider-2004 slide-2013 msDefaultImage\" title=\"Slider_Main_04_Thron\" \/><\/li>\n            <\/ul>\n        <\/div>\n        \n    <\/div>\n<\/div><\/div>\n\n\n\n<p><\/p>\n\n\n\n<h1 class=\"wp-block-heading\">Euer Sch\u00fctzenheim freut sich \u00fcber Eure Unterst\u00fctzung!<\/h1>\n\n\n\n<figure class=\"wp-block-image size-large\"><img loading=\"lazy\" decoding=\"async\" width=\"1024\" height=\"612\" src=\"https:\/\/schuetzen-lemgo.de\/wordpress\/wp-content\/uploads\/2025\/12\/20251216-Spendenkonto-1024x612.png\" alt=\"\" class=\"wp-image-3819\" srcset=\"https:\/\/schuetzen-lemgo.de\/wordpress\/wp-content\/uploads\/2025\/12\/20251216-Spendenkonto-1024x612.png 1024w, https:\/\/schuetzen-lemgo.de\/wordpress\/wp-content\/uploads\/2025\/12\/20251216-Spendenkonto-300x179.png 300w, https:\/\/schuetzen-lemgo.de\/wordpress\/wp-content\/uploads\/2025\/12\/20251216-Spendenkonto-768x459.png 768w, https:\/\/schuetzen-lemgo.de\/wordpress\/wp-content\/uploads\/2025\/12\/20251216-Spendenkonto.png 1390w\" sizes=\"auto, (max-width: 1024px) 100vw, 1024px\" \/><\/figure>\n\n\n<div id=\"content\">\n<article id=\"c100\" class=\"csc-default\">\n<p>Wenn bei der Sanierung die alten historischen Hohlziegel vom Dach genommen werden, werden wir 200 St\u00fcck zur Seite stellen. Diese Pfannen haben \u00fcber 40 Jahre Wind und Wetter getrotzt und so manches Sch\u00fctzenfest erlebt, so dass wir es Euch erm\u00f6glichen wollen, diesem Kleinod \u00fcber eine Spende ein zweites Leben zu schenken &#8211; so lange der Vorrat reicht. Daraus lassen sich fantastische Erinnerungsst\u00fccke basteln, z.B. <a href=\"https:\/\/www.google.com\/search?q=hohlziegel+kerzenhalter\">Kerzenhalter<\/a> oder eine Umgestaltung mit Serviettentechnik. Auch als Kunstwerk im Haus, als Gartendekoration oder T\u00fcrsteher am Hauseingang werden die Pfannen zu einem echten Hingucker. Sichert Euch ein St\u00fcck Sch\u00fctzengeschichte zum Hinstellen.<\/p>\n<p>Wer uns unterst\u00fctzen m\u00f6chte, so geht es:<\/p>\n<ol>\n<li>Banking App \u00f6ffnen<\/li>\n<li>Konto f\u00fcr \u00dcberweisung ausw\u00e4hlen<\/li>\n<li>QR-Code scannen<\/li>\n<li><strong>Betrag anpassen<\/strong><\/li>\n<\/ol>\n<p>Die Spende ist damit Zweckgebunden und kann ausschlie\u00dflich f\u00fcr die Sanierung verwendet werden. Bei Spenden bis 300\u20ac gen\u00fcgt der Kontoauszug als Spendennachweis gegen\u00fcber dem Finanzamt. Selbstverst\u00e4ndlich k\u00f6nnen wir Euch als gemeinn\u00fctziger Verein auch eine Spendenquittung ausstellen. Dazu sendet bitte eine E-Mail mit Namen, Adresse und Betrag an <a href=\"mailto:post@sch\u00fctzen-lemgo.de?subject=Spendenquittung\" target=\"_blank\" rel=\"noopener\">post@sch\u00fctzen-lemgo.de<\/a>. Unsere Rechnungsf\u00fchrerin wird Euch dann eine solche zukommen lassen.<\/p>\n<p>Vielen herzlichen Dank f\u00fcr Eure Unterst\u00fctzung!<\/p>\n<\/article>\n<\/div>\n\n\n<p><\/p>\n\n\n<hr \/>\n\n\n<p><\/p>\n\n\n\n<h1 class=\"wp-block-heading\">Das Lemgoer Sch\u00fctzenbataillon stellt sich vor<\/h1>\n\n\n<div id=\"content\">\n<article id=\"c100\" class=\"csc-default\">\n<h2>Die Sch\u00fctzengesellschaft<\/h2>\n<p>Die Lemgoer Sch\u00fctzengesellschaft von 1575 e.V. ist ein beim Amtsgericht Lemgo unter VR 225 eingetragener Verein, dessen historische Urspr\u00fcnge bis in das Jahr 1575 zur\u00fcckreichen. Einen wesentlichen Abriss \u00fcber die Geschichte unserer Gesellschaft k\u00f6nnen Sie in unserer Chronik nachlesen.<\/p>\n<p>Zur Zeit hat unsere Gesellschaft \u00fcber 1.300 Mitglieder und ist damit einer der drei gr\u00f6\u00dften Vereine im Sch\u00fctzenkreis Lippe.<\/p>\n<p>Unsere Gesellschaft ist aufgrund ihrer Herkunft milit\u00e4risch organisiert. Sie unterteilt sich in den Stab, vier Kompanien, die ihrerseits wiederum in R\u00f6tter eingeteilt sind, den Schie\u00dfsportverein und den Thron.<\/p>\n<p>Die Gesellschaft wird nach au\u00dfen hin von Oberst und Major zusammen mit dem Schrift- und Rechnungsf\u00fchrer als Vorstand im Sinne von \u00a7 26 BGB gef\u00fchrt. Unterst\u00fctzt wird der Vorstand hierbei von den Adjutanten des Oberst und des Majors sowie den vier Kompaniehauptleuten und dem Sozialwart. Die Kompanien werden vom Kompanievorstand, der aus Hauptmann, Oberleutnant und Leutnant besteht, gef\u00fchrt, die einzelnen R\u00f6tter von den Rottmeistern.<\/p>\n<p>Auch bietet die Lemgoer Sch\u00fctzengesellschaft dem Schie\u00dfsportinteressierten einen modernen, unterirdisch gelegenen und damit geschlossenen Schie\u00dfstand, auf dem die allermeisten vom DSB ausgeschriebenen Wettk\u00e4mpfe in Gewehr (au\u00dfer Gro\u00dfkalibergewehr) und Pistole unter Wettkampfbedingungen trainiert werden k\u00f6nnen. F\u00fcr diese Disziplinen stehen dar\u00fcber hinaus vereinseigene Waffen zum Training bereit.<\/p>\n<h2>Das Sch\u00fctzenleben<\/h2>\n<p>Die Gesellschaft feiert alle zwei Jahre ein Sch\u00fctzenfest, dass \u00fcber vier Tage andauert und Freitags abends mit dem Zapfenstreich auf dem historischen Marktplatz in Lemgo seinen Anfang nimmt. Aber auch in dem sch\u00fctzenfestfreien Jahr veranstaltet die Gesellschaft an einem Abend im Sp\u00e4tsommer oder fr\u00fchen Herbst ein Fest, das dann obwohl im kleineren Rahmen gehalten, sich allergr\u00f6\u00dfter Beliebtheit erfreut.<\/p>\n<p>Der K\u00f6nig der Gesellschaft wird alle zwei Jahre auf dem Sch\u00fctzenfest ausgeschlossen. Traditionsgem\u00e4\u00df wird in unserer Gesellschaft nicht auf einen Vogel geschossen, sondern auf 50 Meter Entfernung mit dem Kleinkalibergewehr aufgelegt zwei Schuss auf eine Ringscheiben abgegeben. Der Sch\u00fctze mit der besten Zehn hat das Anrecht, die ihm angetragene K\u00f6nigsw\u00fcrde anzunehmen. Die jeweilige K\u00f6nigin bestimmt der K\u00f6nig sodann selbst.<\/p>\n<p>Das K\u00f6nigspaar wird vom Thron begleitet, der aus jungen, unverheirateten Sch\u00fctzen und alle zwei Jahre wechselnden Throndamen besteht. Schon die ein oder andere Ehe, so erz\u00e4hlt man sich, soll auf dem Thron gestiftet worden sein.<\/p>\n<h2>Schlie\u00dflich<\/h2>\n<p>Doch auch, wenn unsere Gesellschaft milit\u00e4risch hierarchisch gegliedert ist, liegt keine Struktur von Befehl und Gehorsam vor. Vielmehr ist der Gemeinsinn dieses Traditionsvereins aus dem zusammen erlebten Sch\u00fctzengeist abzuleiten, der wiederum seinen Ursprung in der Geselligkeit des Zusammenseins hat. Dieses kann der Sch\u00fctze in seiner Kompanie, in seinem Rott, immer wieder, und sei es auch nur alle zwei Jahre, aufs Neue erleben.<\/p>\n<p>Diese Erfahrung spiegelt sich auch in dem fr\u00f6hlichen Liedgut wieder, dass die Sch\u00fctzenbr\u00fcder \u00fcber die Jahre entwickelt haben und das, auch heute noch, gerne gespielt und gesungen wird.<\/p>\n<p>In diesem Sinne geben wir<br \/>der ehrw\u00fcrdigen Sch\u00fctzengesellschaft<br \/>der alten Hansestadt Lemgo<br \/>das Beste, was wir Sch\u00fctzen zu geben haben:<\/p>\n<p style=\"padding-left: 40px;\">Sie lebe &#8222;hoch &#8211; hoch &#8211; abermals &#8211; hoch!&#8220;<\/p>\n<\/article>\n<\/div>","protected":false},"excerpt":{"rendered":"<p>Euer Sch\u00fctzenheim freut sich \u00fcber Eure Unterst\u00fctzung! Wenn bei der Sanierung die alten historischen Hohlziegel vom Dach genommen werden, werden wir 200 St\u00fcck zur Seite stellen. Diese Pfannen haben \u00fcber 40 Jahre Wind und Wetter getrotzt und so manches Sch\u00fctzenfest erlebt, so dass wir es Euch erm\u00f6glichen wollen, diesem Kleinod \u00fcber eine Spende ein zweites [&hellip;]<\/p>\n","protected":false},"author":1,"featured_media":1899,"parent":0,"menu_order":0,"comment_status":"closed","ping_status":"closed","template":"","meta":{"site-sidebar-layout":"default","site-content-layout":"","ast-site-content-layout":"normal-width-container","site-content-style":"boxed","site-sidebar-style":"default","ast-global-header-display":"","ast-banner-title-visibility":"","ast-main-header-display":"","ast-hfb-above-header-display":"","ast-hfb-below-header-display":"","ast-hfb-mobile-header-display":"","site-post-title":"disabled","ast-breadcrumbs-content":"","ast-featured-img":"","footer-sml-layout":"","ast-disable-related-posts":"","theme-transparent-header-meta":"default","adv-header-id-meta":"","stick-header-meta":"","header-above-stick-meta":"","header-main-stick-meta":"","header-below-stick-meta":"","astra-migrate-meta-layouts":"set","ast-page-background-enabled":"default","ast-page-background-meta":{"desktop":{"background-color":"var(--ast-global-color-4)","background-image":"","background-repeat":"repeat","background-position":"center center","background-size":"auto","background-attachment":"scroll","background-type":"","background-media":"","overlay-type":"","overlay-color":"","overlay-opacity":"","overlay-gradient":""},"tablet":{"background-color":"","background-image":"","background-repeat":"repeat","background-position":"center center","background-size":"auto","background-attachment":"scroll","background-type":"","background-media":"","overlay-type":"","overlay-color":"","overlay-opacity":"","overlay-gradient":""},"mobile":{"background-color":"","background-image":"","background-repeat":"repeat","background-position":"center center","background-size":"auto","background-attachment":"scroll","background-type":"","background-media":"","overlay-type":"","overlay-color":"","overlay-opacity":"","overlay-gradient":""}},"ast-content-background-meta":{"desktop":{"background-color":"var(--ast-global-color-5)","background-image":"","background-repeat":"repeat","background-position":"center center","background-size":"auto","background-attachment":"scroll","background-type":"","background-media":"","overlay-type":"","overlay-color":"","overlay-opacity":"","overlay-gradient":""},"tablet":{"background-color":"var(--ast-global-color-5)","background-image":"","background-repeat":"repeat","background-position":"center center","background-size":"auto","background-attachment":"scroll","background-type":"","background-media":"","overlay-type":"","overlay-color":"","overlay-opacity":"","overlay-gradient":""},"mobile":{"background-color":"var(--ast-global-color-5)","background-image":"","background-repeat":"repeat","background-position":"center center","background-size":"auto","background-attachment":"scroll","background-type":"","background-media":"","overlay-type":"","overlay-color":"","overlay-opacity":"","overlay-gradient":""}},"footnotes":""},"class_list":["post-1864","page","type-page","status-publish","has-post-thumbnail","hentry"],"yoast_head":"<!-- This site is optimized with the Yoast SEO plugin v27.4 - https:\/\/yoast.com\/product\/yoast-seo-wordpress\/ -->\n<title>Willkommen - Lemgoer Sch\u00fctzengesellschaft von 1575 e.V.<\/title>\n<meta name=\"description\" content=\"Die Lemgoer Sch\u00fctzen stellen sich vor. Finde aktuelle Termine und weitere Informationen zum Sch\u00fctzenbataillon der alten Hansestadt Lemgo\" \/>\n<meta name=\"robots\" content=\"index, follow, max-snippet:-1, max-image-preview:large, max-video-preview:-1\" \/>\n<link rel=\"canonical\" href=\"https:\/\/schuetzen-lemgo.de\/\" \/>\n<meta property=\"og:locale\" content=\"de_DE\" \/>\n<meta property=\"og:type\" content=\"article\" \/>\n<meta property=\"og:title\" content=\"Willkommen - Lemgoer Sch\u00fctzengesellschaft von 1575 e.V.\" \/>\n<meta property=\"og:description\" content=\"Die Lemgoer Sch\u00fctzen stellen sich vor. Finde aktuelle Termine und weitere Informationen zum Sch\u00fctzenbataillon der alten Hansestadt Lemgo\" \/>\n<meta property=\"og:url\" content=\"https:\/\/schuetzen-lemgo.de\/\" \/>\n<meta property=\"og:site_name\" content=\"Lemgoer Sch\u00fctzengesellschaft von 1575 e.V.\" \/>\n<meta property=\"article:publisher\" content=\"https:\/\/www.facebook.com\/SchuetzenLemgo\" \/>\n<meta property=\"article:modified_time\" content=\"2025-12-16T09:49:16+00:00\" \/>\n<meta property=\"og:image\" content=\"https:\/\/schuetzen-lemgo.de\/wordpress\/wp-content\/uploads\/2024\/08\/Logo-300-DPI_Transparent_Quadrat.png\" \/>\n\t<meta property=\"og:image:width\" content=\"524\" \/>\n\t<meta property=\"og:image:height\" content=\"524\" \/>\n\t<meta property=\"og:image:type\" content=\"image\/png\" \/>\n<meta name=\"twitter:card\" content=\"summary_large_image\" \/>\n<meta name=\"twitter:label1\" content=\"Gesch\u00e4tzte Lesezeit\" \/>\n\t<meta name=\"twitter:data1\" content=\"5\u00a0Minuten\" \/>\n<script type=\"application\/ld+json\" class=\"yoast-schema-graph\">{\"@context\":\"https:\\\/\\\/schema.org\",\"@graph\":[{\"@type\":\"WebPage\",\"@id\":\"https:\\\/\\\/schuetzen-lemgo.de\\\/\",\"url\":\"https:\\\/\\\/schuetzen-lemgo.de\\\/\",\"name\":\"Willkommen - Lemgoer Sch\u00fctzengesellschaft von 1575 e.V.\",\"isPartOf\":{\"@id\":\"https:\\\/\\\/schuetzen-lemgo.de\\\/#website\"},\"primaryImageOfPage\":{\"@id\":\"https:\\\/\\\/schuetzen-lemgo.de\\\/#primaryimage\"},\"image\":{\"@id\":\"https:\\\/\\\/schuetzen-lemgo.de\\\/#primaryimage\"},\"thumbnailUrl\":\"https:\\\/\\\/schuetzen-lemgo.de\\\/wordpress\\\/wp-content\\\/uploads\\\/2024\\\/08\\\/Logo-300-DPI_Transparent_Quadrat.png\",\"datePublished\":\"2024-08-22T20:07:47+00:00\",\"dateModified\":\"2025-12-16T09:49:16+00:00\",\"description\":\"Die Lemgoer Sch\u00fctzen stellen sich vor. Finde aktuelle Termine und weitere Informationen zum Sch\u00fctzenbataillon der alten Hansestadt Lemgo\",\"breadcrumb\":{\"@id\":\"https:\\\/\\\/schuetzen-lemgo.de\\\/#breadcrumb\"},\"inLanguage\":\"de\",\"potentialAction\":[{\"@type\":\"ReadAction\",\"target\":[\"https:\\\/\\\/schuetzen-lemgo.de\\\/\"]}]},{\"@type\":\"ImageObject\",\"inLanguage\":\"de\",\"@id\":\"https:\\\/\\\/schuetzen-lemgo.de\\\/#primaryimage\",\"url\":\"https:\\\/\\\/schuetzen-lemgo.de\\\/wordpress\\\/wp-content\\\/uploads\\\/2024\\\/08\\\/Logo-300-DPI_Transparent_Quadrat.png\",\"contentUrl\":\"https:\\\/\\\/schuetzen-lemgo.de\\\/wordpress\\\/wp-content\\\/uploads\\\/2024\\\/08\\\/Logo-300-DPI_Transparent_Quadrat.png\",\"width\":524,\"height\":524},{\"@type\":\"BreadcrumbList\",\"@id\":\"https:\\\/\\\/schuetzen-lemgo.de\\\/#breadcrumb\",\"itemListElement\":[{\"@type\":\"ListItem\",\"position\":1,\"name\":\"Startseite\",\"item\":\"https:\\\/\\\/schuetzen-lemgo.de\\\/\"},{\"@type\":\"ListItem\",\"position\":2,\"name\":\"Willkommen\"}]},{\"@type\":\"WebSite\",\"@id\":\"https:\\\/\\\/schuetzen-lemgo.de\\\/#website\",\"url\":\"https:\\\/\\\/schuetzen-lemgo.de\\\/\",\"name\":\"Lemgoer Sch\u00fctzengesellschaft von 1575 e.V.\",\"description\":\"Finden Sie wichtige Termine und weitere Informationen zu unserem Verein\",\"publisher\":{\"@id\":\"https:\\\/\\\/schuetzen-lemgo.de\\\/#organization\"},\"potentialAction\":[{\"@type\":\"SearchAction\",\"target\":{\"@type\":\"EntryPoint\",\"urlTemplate\":\"https:\\\/\\\/schuetzen-lemgo.de\\\/?s={search_term_string}\"},\"query-input\":{\"@type\":\"PropertyValueSpecification\",\"valueRequired\":true,\"valueName\":\"search_term_string\"}}],\"inLanguage\":\"de\"},{\"@type\":\"Organization\",\"@id\":\"https:\\\/\\\/schuetzen-lemgo.de\\\/#organization\",\"name\":\"Lemgoer Sch\u00fctzengesellschaft von 1575 e.V.\",\"url\":\"https:\\\/\\\/schuetzen-lemgo.de\\\/\",\"logo\":{\"@type\":\"ImageObject\",\"inLanguage\":\"de\",\"@id\":\"https:\\\/\\\/schuetzen-lemgo.de\\\/#\\\/schema\\\/logo\\\/image\\\/\",\"url\":\"https:\\\/\\\/schuetzen-lemgo.de\\\/wordpress\\\/wp-content\\\/uploads\\\/2024\\\/08\\\/Logo-mit-Text-Schuetzengesellschaft-300-DPI_Transparent.png\",\"contentUrl\":\"https:\\\/\\\/schuetzen-lemgo.de\\\/wordpress\\\/wp-content\\\/uploads\\\/2024\\\/08\\\/Logo-mit-Text-Schuetzengesellschaft-300-DPI_Transparent.png\",\"width\":1654,\"height\":558,\"caption\":\"Lemgoer Sch\u00fctzengesellschaft von 1575 e.V.\"},\"image\":{\"@id\":\"https:\\\/\\\/schuetzen-lemgo.de\\\/#\\\/schema\\\/logo\\\/image\\\/\"},\"sameAs\":[\"https:\\\/\\\/www.facebook.com\\\/SchuetzenLemgo\"]}]}<\/script>\n<!-- \/ Yoast SEO plugin. -->","yoast_head_json":{"title":"Willkommen - Lemgoer Sch\u00fctzengesellschaft von 1575 e.V.","description":"Die Lemgoer Sch\u00fctzen stellen sich vor. Finde aktuelle Termine und weitere Informationen zum Sch\u00fctzenbataillon der alten Hansestadt Lemgo","robots":{"index":"index","follow":"follow","max-snippet":"max-snippet:-1","max-image-preview":"max-image-preview:large","max-video-preview":"max-video-preview:-1"},"canonical":"https:\/\/schuetzen-lemgo.de\/","og_locale":"de_DE","og_type":"article","og_title":"Willkommen - Lemgoer Sch\u00fctzengesellschaft von 1575 e.V.","og_description":"Die Lemgoer Sch\u00fctzen stellen sich vor. Finde aktuelle Termine und weitere Informationen zum Sch\u00fctzenbataillon der alten Hansestadt Lemgo","og_url":"https:\/\/schuetzen-lemgo.de\/","og_site_name":"Lemgoer Sch\u00fctzengesellschaft von 1575 e.V.","article_publisher":"https:\/\/www.facebook.com\/SchuetzenLemgo","article_modified_time":"2025-12-16T09:49:16+00:00","og_image":[{"width":524,"height":524,"url":"https:\/\/schuetzen-lemgo.de\/wordpress\/wp-content\/uploads\/2024\/08\/Logo-300-DPI_Transparent_Quadrat.png","type":"image\/png"}],"twitter_card":"summary_large_image","twitter_misc":{"Gesch\u00e4tzte Lesezeit":"5\u00a0Minuten"},"schema":{"@context":"https:\/\/schema.org","@graph":[{"@type":"WebPage","@id":"https:\/\/schuetzen-lemgo.de\/","url":"https:\/\/schuetzen-lemgo.de\/","name":"Willkommen - Lemgoer Sch\u00fctzengesellschaft von 1575 e.V.","isPartOf":{"@id":"https:\/\/schuetzen-lemgo.de\/#website"},"primaryImageOfPage":{"@id":"https:\/\/schuetzen-lemgo.de\/#primaryimage"},"image":{"@id":"https:\/\/schuetzen-lemgo.de\/#primaryimage"},"thumbnailUrl":"https:\/\/schuetzen-lemgo.de\/wordpress\/wp-content\/uploads\/2024\/08\/Logo-300-DPI_Transparent_Quadrat.png","datePublished":"2024-08-22T20:07:47+00:00","dateModified":"2025-12-16T09:49:16+00:00","description":"Die Lemgoer Sch\u00fctzen stellen sich vor. Finde aktuelle Termine und weitere Informationen zum Sch\u00fctzenbataillon der alten Hansestadt Lemgo","breadcrumb":{"@id":"https:\/\/schuetzen-lemgo.de\/#breadcrumb"},"inLanguage":"de","potentialAction":[{"@type":"ReadAction","target":["https:\/\/schuetzen-lemgo.de\/"]}]},{"@type":"ImageObject","inLanguage":"de","@id":"https:\/\/schuetzen-lemgo.de\/#primaryimage","url":"https:\/\/schuetzen-lemgo.de\/wordpress\/wp-content\/uploads\/2024\/08\/Logo-300-DPI_Transparent_Quadrat.png","contentUrl":"https:\/\/schuetzen-lemgo.de\/wordpress\/wp-content\/uploads\/2024\/08\/Logo-300-DPI_Transparent_Quadrat.png","width":524,"height":524},{"@type":"BreadcrumbList","@id":"https:\/\/schuetzen-lemgo.de\/#breadcrumb","itemListElement":[{"@type":"ListItem","position":1,"name":"Startseite","item":"https:\/\/schuetzen-lemgo.de\/"},{"@type":"ListItem","position":2,"name":"Willkommen"}]},{"@type":"WebSite","@id":"https:\/\/schuetzen-lemgo.de\/#website","url":"https:\/\/schuetzen-lemgo.de\/","name":"Lemgoer Sch\u00fctzengesellschaft von 1575 e.V.","description":"Finden Sie wichtige Termine und weitere Informationen zu unserem Verein","publisher":{"@id":"https:\/\/schuetzen-lemgo.de\/#organization"},"potentialAction":[{"@type":"SearchAction","target":{"@type":"EntryPoint","urlTemplate":"https:\/\/schuetzen-lemgo.de\/?s={search_term_string}"},"query-input":{"@type":"PropertyValueSpecification","valueRequired":true,"valueName":"search_term_string"}}],"inLanguage":"de"},{"@type":"Organization","@id":"https:\/\/schuetzen-lemgo.de\/#organization","name":"Lemgoer Sch\u00fctzengesellschaft von 1575 e.V.","url":"https:\/\/schuetzen-lemgo.de\/","logo":{"@type":"ImageObject","inLanguage":"de","@id":"https:\/\/schuetzen-lemgo.de\/#\/schema\/logo\/image\/","url":"https:\/\/schuetzen-lemgo.de\/wordpress\/wp-content\/uploads\/2024\/08\/Logo-mit-Text-Schuetzengesellschaft-300-DPI_Transparent.png","contentUrl":"https:\/\/schuetzen-lemgo.de\/wordpress\/wp-content\/uploads\/2024\/08\/Logo-mit-Text-Schuetzengesellschaft-300-DPI_Transparent.png","width":1654,"height":558,"caption":"Lemgoer Sch\u00fctzengesellschaft von 1575 e.V."},"image":{"@id":"https:\/\/schuetzen-lemgo.de\/#\/schema\/logo\/image\/"},"sameAs":["https:\/\/www.facebook.com\/SchuetzenLemgo"]}]}},"_links":{"self":[{"href":"https:\/\/schuetzen-lemgo.de\/index.php?rest_route=\/wp\/v2\/pages\/1864","targetHints":{"allow":["GET"]}}],"collection":[{"href":"https:\/\/schuetzen-lemgo.de\/index.php?rest_route=\/wp\/v2\/pages"}],"about":[{"href":"https:\/\/schuetzen-lemgo.de\/index.php?rest_route=\/wp\/v2\/types\/page"}],"author":[{"embeddable":true,"href":"https:\/\/schuetzen-lemgo.de\/index.php?rest_route=\/wp\/v2\/users\/1"}],"replies":[{"embeddable":true,"href":"https:\/\/schuetzen-lemgo.de\/index.php?rest_route=%2Fwp%2Fv2%2Fcomments&post=1864"}],"version-history":[{"count":66,"href":"https:\/\/schuetzen-lemgo.de\/index.php?rest_route=\/wp\/v2\/pages\/1864\/revisions"}],"predecessor-version":[{"id":3829,"href":"https:\/\/schuetzen-lemgo.de\/index.php?rest_route=\/wp\/v2\/pages\/1864\/revisions\/3829"}],"wp:featuredmedia":[{"embeddable":true,"href":"https:\/\/schuetzen-lemgo.de\/index.php?rest_route=\/wp\/v2\/media\/1899"}],"wp:attachment":[{"href":"https:\/\/schuetzen-lemgo.de\/index.php?rest_route=%2Fwp%2Fv2%2Fmedia&parent=1864"}],"curies":[{"name":"wp","href":"https:\/\/api.w.org\/{rel}","templated":true}]}}