{"id":2142,"date":"2024-08-23T12:38:29","date_gmt":"2024-08-23T11:38:29","guid":{"rendered":"https:\/\/schuetzen-lemgo.de\/wordpress\/?page_id=2142"},"modified":"2025-12-11T10:09:45","modified_gmt":"2025-12-11T09:09:45","slug":"langes-gewehr","status":"publish","type":"page","link":"https:\/\/schuetzen-lemgo.de\/?page_id=2142","title":{"rendered":"Langes Gewehr"},"content":{"rendered":"\n<div class=\"alignnormal\"><div id=\"metaslider-id-2138\" style=\"width: 100%; margin: 0 auto;\" class=\"ml-slider-3-108-0 metaslider metaslider-flex metaslider-2138 ml-slider ms-theme-default nav-hidden\" role=\"region\" aria-label=\"Organisation_LangeGewehr\" data-height=\"264\" data-width=\"669\">\n    <div id=\"metaslider_container_2138\">\n        <div id=\"metaslider_2138\">\n            <ul class='slides'>\n                <li style=\"display: block; width: 100%;\" class=\"slide-2141 ms-image \" aria-roledescription=\"slide\" data-date=\"2024-08-23 12:35:14\" data-filename=\"Slider_Organisation_LangesGewehr_01.jpg\" data-slide-type=\"image\"><img loading=\"lazy\" decoding=\"async\" src=\"https:\/\/schuetzen-lemgo.de\/wordpress\/wp-content\/uploads\/2024\/08\/Slider_Organisation_LangesGewehr_01.jpg\" height=\"264\" width=\"669\" alt=\"Slider_Organisation_LangesGewehr_01\" class=\"slider-2138 slide-2141 msDefaultImage\" title=\"Slider_Organisation_LangesGewehr_01\" \/><\/li>\n            <\/ul>\n        <\/div>\n        \n    <\/div>\n<\/div><\/div>\n\n\n\n<p><br><\/p>\n\n\n\n<h1 class=\"wp-block-heading\">Das Lange Gewehr<\/h1>\n\n\n\n<p>Das Lange Gewehr ist derzeit nicht aktiv. Wir w\u00fcrden uns aber freuen, wenn junge Menschen diese Abteilung wieder mit Leben f\u00fcllen w\u00fcrden.<\/p>\n\n\n\n<h2 class=\"wp-block-heading\">Historie<\/h2>\n\n\n<p><img loading=\"lazy\" decoding=\"async\" class=\"size-full wp-image-2139 alignleft\" src=\"https:\/\/schuetzen-lemgo.de\/wordpress\/wp-content\/uploads\/2024\/08\/langesgewehr.png\" alt=\"\" width=\"232\" height=\"175\" \/><\/p>\n<p>Bereits im Jahre 1600 wurde mit einem Nachtrag zur Gr\u00fcndungsurkunde eine Sonderformation ins Leben gerufen. Das Lange Gewehr bestand zun\u00e4chst aus 18 besonders vornehmen Mitgliedern der Gesellschaft, die ausger\u00fcstet mit einer Hellebarde vor und hinter der Fahne marschierten.<\/p>\n<p>Das Lange Gewehr hatte die besondere Ehre auf dem Sch\u00fctzenplatz die Fahnenwache zu stellen. Dar\u00fcber hinaus stand es ihnen zu, die Wache beim Landesherrn oder ausw\u00e4rtigen Potentaten zu stellen.<\/p>\n<p>Mitte des 18. Jahrhunderts bestand das Lange Gewehr aus zwei R\u00f6ttern zu je 18 Mann. Den Mitgliedern des Langen Gewehrs stand die erste Laube (Rottbude) auf dem Festplatz zu.<\/p>\n<h2>Teilnehmer beim neuen Langen Gewehr<\/h2>\n<p>Das Lange Gewehr soll keine 5. Kompanie werden! Mitglieder des Langen Gewehrs sind regul\u00e4re Mitglieder der Kompanien.<\/p>\n<p>Junge M\u00e4nner, die das 17. Lebensjahr vollendet haben und Mitglied einer Kompanie sind, k\u00f6nnen dem Langen Gewehr beitreten. Mitglieder die im Sch\u00fctzenfestfreien Jahr das 26. Lebensjahr vollendet haben oder im Sch\u00fctzenfestjahr das 26. Lebensjahr vollenden, scheiden am Sch\u00fctzenfestmontag automatisch aus dem Langen Gewehr aus.<\/p>\n<p>Die Teilnahme am Langen Gewehr ist freiwillig; es besteht weiterhin die M\u00f6glichkeit auch direkt am &#8222;normalen&#8220; Kompanieleben teilzunehmen.<\/p>\n<h2>Struktur<\/h2>\n<p>Das Lange Gewehr besteht parallel zu den Kompanien, dem Schie\u00dfsport und der Jugendabteilung und ist direkt dem Gesch\u00e4ftsf\u00fchrenden Vorstand unterstellt.<\/p>\n<p>Das Lange Gewehr soll sich weitestgehend selbst verwalten und organisieren. Die Dienstgrade im Langen Gewehr sind:<\/p>\n<ul>\n<li style=\"list-style-type: none;\">\n<ul>\n<li>F\u00e4hnrich<\/li>\n<li>Fahnenjunker<\/li>\n<li>Sch\u00fctze<\/li>\n<\/ul>\n<\/li>\n<\/ul>\n<p>Die Dienstgrade sind bewusst im Unterschied zu den Kompanie- und Bataillonsdienstgraden gew\u00e4hlt und sollen durch die Wahl von Offiziersanw\u00e4rterdienstgraden den Nachwuchsgedanken unterstreichen.<\/p>\n<p>Der F\u00e4hnrich ist dabei einem Leutnant zbV. und der Fahnenjunker einem Rottmeister gleichzustellen.<\/p>\n<p>F\u00e4hnrich und Fahnenjunker werden zur erweiterten Bataillonsvorstandssitzungen eingeladen, Stimmrecht im Bataillonsvorstand haben sie aber, wie ihre Pendants, nicht.<\/p>","protected":false},"excerpt":{"rendered":"<p>Das Lange Gewehr Das Lange Gewehr ist derzeit nicht aktiv. Wir w\u00fcrden uns aber freuen, wenn junge Menschen diese Abteilung wieder mit Leben f\u00fcllen w\u00fcrden. Historie Bereits im Jahre 1600 wurde mit einem Nachtrag zur Gr\u00fcndungsurkunde eine Sonderformation ins Leben gerufen. Das Lange Gewehr bestand zun\u00e4chst aus 18 besonders vornehmen Mitgliedern der Gesellschaft, die ausger\u00fcstet [&hellip;]<\/p>\n","protected":false},"author":1,"featured_media":1899,"parent":0,"menu_order":0,"comment_status":"closed","ping_status":"closed","template":"","meta":{"site-sidebar-layout":"default","site-content-layout":"","ast-site-content-layout":"default","site-content-style":"default","site-sidebar-style":"default","ast-global-header-display":"","ast-banner-title-visibility":"","ast-main-header-display":"","ast-hfb-above-header-display":"","ast-hfb-below-header-display":"","ast-hfb-mobile-header-display":"","site-post-title":"disabled","ast-breadcrumbs-content":"","ast-featured-img":"","footer-sml-layout":"","ast-disable-related-posts":"","theme-transparent-header-meta":"","adv-header-id-meta":"","stick-header-meta":"","header-above-stick-meta":"","header-main-stick-meta":"","header-below-stick-meta":"","astra-migrate-meta-layouts":"set","ast-page-background-enabled":"default","ast-page-background-meta":{"desktop":{"background-color":"var(--ast-global-color-4)","background-image":"","background-repeat":"repeat","background-position":"center center","background-size":"auto","background-attachment":"scroll","background-type":"","background-media":"","overlay-type":"","overlay-color":"","overlay-opacity":"","overlay-gradient":""},"tablet":{"background-color":"","background-image":"","background-repeat":"repeat","background-position":"center center","background-size":"auto","background-attachment":"scroll","background-type":"","background-media":"","overlay-type":"","overlay-color":"","overlay-opacity":"","overlay-gradient":""},"mobile":{"background-color":"","background-image":"","background-repeat":"repeat","background-position":"center center","background-size":"auto","background-attachment":"scroll","background-type":"","background-media":"","overlay-type":"","overlay-color":"","overlay-opacity":"","overlay-gradient":""}},"ast-content-background-meta":{"desktop":{"background-color":"var(--ast-global-color-5)","background-image":"","background-repeat":"repeat","background-position":"center center","background-size":"auto","background-attachment":"scroll","background-type":"","background-media":"","overlay-type":"","overlay-color":"","overlay-opacity":"","overlay-gradient":""},"tablet":{"background-color":"var(--ast-global-color-5)","background-image":"","background-repeat":"repeat","background-position":"center center","background-size":"auto","background-attachment":"scroll","background-type":"","background-media":"","overlay-type":"","overlay-color":"","overlay-opacity":"","overlay-gradient":""},"mobile":{"background-color":"var(--ast-global-color-5)","background-image":"","background-repeat":"repeat","background-position":"center center","background-size":"auto","background-attachment":"scroll","background-type":"","background-media":"","overlay-type":"","overlay-color":"","overlay-opacity":"","overlay-gradient":""}},"footnotes":""},"class_list":["post-2142","page","type-page","status-publish","has-post-thumbnail","hentry"],"yoast_head":"<!-- This site is optimized with the Yoast SEO plugin v27.5 - https:\/\/yoast.com\/product\/yoast-seo-wordpress\/ -->\n<title>Langes Gewehr - Lemgoer Sch\u00fctzengesellschaft von 1575 e.V.<\/title>\n<meta name=\"description\" content=\"Wir pr\u00e4sentieren &quot;Das Lange Gewehr&quot; - derzeit allerdings nicht aktiv.\" \/>\n<meta name=\"robots\" content=\"index, follow, max-snippet:-1, max-image-preview:large, max-video-preview:-1\" \/>\n<link rel=\"canonical\" href=\"https:\/\/schuetzen-lemgo.de\/?page_id=2142\" \/>\n<meta property=\"og:locale\" content=\"de_DE\" \/>\n<meta property=\"og:type\" content=\"article\" \/>\n<meta property=\"og:title\" content=\"Langes Gewehr - Lemgoer Sch\u00fctzengesellschaft von 1575 e.V.\" \/>\n<meta property=\"og:description\" content=\"Wir pr\u00e4sentieren &quot;Das Lange Gewehr&quot; - derzeit allerdings nicht aktiv.\" \/>\n<meta property=\"og:url\" content=\"https:\/\/schuetzen-lemgo.de\/?page_id=2142\" \/>\n<meta property=\"og:site_name\" content=\"Lemgoer Sch\u00fctzengesellschaft von 1575 e.V.\" \/>\n<meta property=\"article:publisher\" content=\"https:\/\/www.facebook.com\/SchuetzenLemgo\" \/>\n<meta property=\"article:modified_time\" content=\"2025-12-11T09:09:45+00:00\" \/>\n<meta property=\"og:image\" content=\"https:\/\/schuetzen-lemgo.de\/wordpress\/wp-content\/uploads\/2024\/08\/Logo-300-DPI_Transparent_Quadrat.png\" \/>\n\t<meta property=\"og:image:width\" content=\"524\" \/>\n\t<meta property=\"og:image:height\" content=\"524\" \/>\n\t<meta property=\"og:image:type\" content=\"image\/png\" \/>\n<meta name=\"twitter:card\" content=\"summary_large_image\" \/>\n<meta name=\"twitter:label1\" content=\"Gesch\u00e4tzte Lesezeit\" \/>\n\t<meta name=\"twitter:data1\" content=\"3\u00a0Minuten\" \/>\n<script type=\"application\/ld+json\" class=\"yoast-schema-graph\">{\"@context\":\"https:\\\/\\\/schema.org\",\"@graph\":[{\"@type\":\"WebPage\",\"@id\":\"https:\\\/\\\/schuetzen-lemgo.de\\\/?page_id=2142\",\"url\":\"https:\\\/\\\/schuetzen-lemgo.de\\\/?page_id=2142\",\"name\":\"Langes Gewehr - Lemgoer Sch\u00fctzengesellschaft von 1575 e.V.\",\"isPartOf\":{\"@id\":\"https:\\\/\\\/schuetzen-lemgo.de\\\/#website\"},\"primaryImageOfPage\":{\"@id\":\"https:\\\/\\\/schuetzen-lemgo.de\\\/?page_id=2142#primaryimage\"},\"image\":{\"@id\":\"https:\\\/\\\/schuetzen-lemgo.de\\\/?page_id=2142#primaryimage\"},\"thumbnailUrl\":\"https:\\\/\\\/schuetzen-lemgo.de\\\/wordpress\\\/wp-content\\\/uploads\\\/2024\\\/08\\\/Logo-300-DPI_Transparent_Quadrat.png\",\"datePublished\":\"2024-08-23T11:38:29+00:00\",\"dateModified\":\"2025-12-11T09:09:45+00:00\",\"description\":\"Wir pr\u00e4sentieren \\\"Das Lange Gewehr\\\" - derzeit allerdings nicht aktiv.\",\"breadcrumb\":{\"@id\":\"https:\\\/\\\/schuetzen-lemgo.de\\\/?page_id=2142#breadcrumb\"},\"inLanguage\":\"de\",\"potentialAction\":[{\"@type\":\"ReadAction\",\"target\":[\"https:\\\/\\\/schuetzen-lemgo.de\\\/?page_id=2142\"]}]},{\"@type\":\"ImageObject\",\"inLanguage\":\"de\",\"@id\":\"https:\\\/\\\/schuetzen-lemgo.de\\\/?page_id=2142#primaryimage\",\"url\":\"https:\\\/\\\/schuetzen-lemgo.de\\\/wordpress\\\/wp-content\\\/uploads\\\/2024\\\/08\\\/Logo-300-DPI_Transparent_Quadrat.png\",\"contentUrl\":\"https:\\\/\\\/schuetzen-lemgo.de\\\/wordpress\\\/wp-content\\\/uploads\\\/2024\\\/08\\\/Logo-300-DPI_Transparent_Quadrat.png\",\"width\":524,\"height\":524},{\"@type\":\"BreadcrumbList\",\"@id\":\"https:\\\/\\\/schuetzen-lemgo.de\\\/?page_id=2142#breadcrumb\",\"itemListElement\":[{\"@type\":\"ListItem\",\"position\":1,\"name\":\"Startseite\",\"item\":\"https:\\\/\\\/schuetzen-lemgo.de\\\/\"},{\"@type\":\"ListItem\",\"position\":2,\"name\":\"Langes Gewehr\"}]},{\"@type\":\"WebSite\",\"@id\":\"https:\\\/\\\/schuetzen-lemgo.de\\\/#website\",\"url\":\"https:\\\/\\\/schuetzen-lemgo.de\\\/\",\"name\":\"Lemgoer Sch\u00fctzengesellschaft von 1575 e.V.\",\"description\":\"Finden Sie wichtige Termine und weitere Informationen zu unserem Verein\",\"publisher\":{\"@id\":\"https:\\\/\\\/schuetzen-lemgo.de\\\/#organization\"},\"potentialAction\":[{\"@type\":\"SearchAction\",\"target\":{\"@type\":\"EntryPoint\",\"urlTemplate\":\"https:\\\/\\\/schuetzen-lemgo.de\\\/?s={search_term_string}\"},\"query-input\":{\"@type\":\"PropertyValueSpecification\",\"valueRequired\":true,\"valueName\":\"search_term_string\"}}],\"inLanguage\":\"de\"},{\"@type\":\"Organization\",\"@id\":\"https:\\\/\\\/schuetzen-lemgo.de\\\/#organization\",\"name\":\"Lemgoer Sch\u00fctzengesellschaft von 1575 e.V.\",\"url\":\"https:\\\/\\\/schuetzen-lemgo.de\\\/\",\"logo\":{\"@type\":\"ImageObject\",\"inLanguage\":\"de\",\"@id\":\"https:\\\/\\\/schuetzen-lemgo.de\\\/#\\\/schema\\\/logo\\\/image\\\/\",\"url\":\"https:\\\/\\\/schuetzen-lemgo.de\\\/wordpress\\\/wp-content\\\/uploads\\\/2024\\\/08\\\/Logo-mit-Text-Schuetzengesellschaft-300-DPI_Transparent.png\",\"contentUrl\":\"https:\\\/\\\/schuetzen-lemgo.de\\\/wordpress\\\/wp-content\\\/uploads\\\/2024\\\/08\\\/Logo-mit-Text-Schuetzengesellschaft-300-DPI_Transparent.png\",\"width\":1654,\"height\":558,\"caption\":\"Lemgoer Sch\u00fctzengesellschaft von 1575 e.V.\"},\"image\":{\"@id\":\"https:\\\/\\\/schuetzen-lemgo.de\\\/#\\\/schema\\\/logo\\\/image\\\/\"},\"sameAs\":[\"https:\\\/\\\/www.facebook.com\\\/SchuetzenLemgo\"]}]}<\/script>\n<!-- \/ Yoast SEO plugin. -->","yoast_head_json":{"title":"Langes Gewehr - Lemgoer Sch\u00fctzengesellschaft von 1575 e.V.","description":"Wir pr\u00e4sentieren \"Das Lange Gewehr\" - derzeit allerdings nicht aktiv.","robots":{"index":"index","follow":"follow","max-snippet":"max-snippet:-1","max-image-preview":"max-image-preview:large","max-video-preview":"max-video-preview:-1"},"canonical":"https:\/\/schuetzen-lemgo.de\/?page_id=2142","og_locale":"de_DE","og_type":"article","og_title":"Langes Gewehr - Lemgoer Sch\u00fctzengesellschaft von 1575 e.V.","og_description":"Wir pr\u00e4sentieren \"Das Lange Gewehr\" - derzeit allerdings nicht aktiv.","og_url":"https:\/\/schuetzen-lemgo.de\/?page_id=2142","og_site_name":"Lemgoer Sch\u00fctzengesellschaft von 1575 e.V.","article_publisher":"https:\/\/www.facebook.com\/SchuetzenLemgo","article_modified_time":"2025-12-11T09:09:45+00:00","og_image":[{"width":524,"height":524,"url":"https:\/\/schuetzen-lemgo.de\/wordpress\/wp-content\/uploads\/2024\/08\/Logo-300-DPI_Transparent_Quadrat.png","type":"image\/png"}],"twitter_card":"summary_large_image","twitter_misc":{"Gesch\u00e4tzte Lesezeit":"3\u00a0Minuten"},"schema":{"@context":"https:\/\/schema.org","@graph":[{"@type":"WebPage","@id":"https:\/\/schuetzen-lemgo.de\/?page_id=2142","url":"https:\/\/schuetzen-lemgo.de\/?page_id=2142","name":"Langes Gewehr - Lemgoer Sch\u00fctzengesellschaft von 1575 e.V.","isPartOf":{"@id":"https:\/\/schuetzen-lemgo.de\/#website"},"primaryImageOfPage":{"@id":"https:\/\/schuetzen-lemgo.de\/?page_id=2142#primaryimage"},"image":{"@id":"https:\/\/schuetzen-lemgo.de\/?page_id=2142#primaryimage"},"thumbnailUrl":"https:\/\/schuetzen-lemgo.de\/wordpress\/wp-content\/uploads\/2024\/08\/Logo-300-DPI_Transparent_Quadrat.png","datePublished":"2024-08-23T11:38:29+00:00","dateModified":"2025-12-11T09:09:45+00:00","description":"Wir pr\u00e4sentieren \"Das Lange Gewehr\" - derzeit allerdings nicht aktiv.","breadcrumb":{"@id":"https:\/\/schuetzen-lemgo.de\/?page_id=2142#breadcrumb"},"inLanguage":"de","potentialAction":[{"@type":"ReadAction","target":["https:\/\/schuetzen-lemgo.de\/?page_id=2142"]}]},{"@type":"ImageObject","inLanguage":"de","@id":"https:\/\/schuetzen-lemgo.de\/?page_id=2142#primaryimage","url":"https:\/\/schuetzen-lemgo.de\/wordpress\/wp-content\/uploads\/2024\/08\/Logo-300-DPI_Transparent_Quadrat.png","contentUrl":"https:\/\/schuetzen-lemgo.de\/wordpress\/wp-content\/uploads\/2024\/08\/Logo-300-DPI_Transparent_Quadrat.png","width":524,"height":524},{"@type":"BreadcrumbList","@id":"https:\/\/schuetzen-lemgo.de\/?page_id=2142#breadcrumb","itemListElement":[{"@type":"ListItem","position":1,"name":"Startseite","item":"https:\/\/schuetzen-lemgo.de\/"},{"@type":"ListItem","position":2,"name":"Langes Gewehr"}]},{"@type":"WebSite","@id":"https:\/\/schuetzen-lemgo.de\/#website","url":"https:\/\/schuetzen-lemgo.de\/","name":"Lemgoer Sch\u00fctzengesellschaft von 1575 e.V.","description":"Finden Sie wichtige Termine und weitere Informationen zu unserem Verein","publisher":{"@id":"https:\/\/schuetzen-lemgo.de\/#organization"},"potentialAction":[{"@type":"SearchAction","target":{"@type":"EntryPoint","urlTemplate":"https:\/\/schuetzen-lemgo.de\/?s={search_term_string}"},"query-input":{"@type":"PropertyValueSpecification","valueRequired":true,"valueName":"search_term_string"}}],"inLanguage":"de"},{"@type":"Organization","@id":"https:\/\/schuetzen-lemgo.de\/#organization","name":"Lemgoer Sch\u00fctzengesellschaft von 1575 e.V.","url":"https:\/\/schuetzen-lemgo.de\/","logo":{"@type":"ImageObject","inLanguage":"de","@id":"https:\/\/schuetzen-lemgo.de\/#\/schema\/logo\/image\/","url":"https:\/\/schuetzen-lemgo.de\/wordpress\/wp-content\/uploads\/2024\/08\/Logo-mit-Text-Schuetzengesellschaft-300-DPI_Transparent.png","contentUrl":"https:\/\/schuetzen-lemgo.de\/wordpress\/wp-content\/uploads\/2024\/08\/Logo-mit-Text-Schuetzengesellschaft-300-DPI_Transparent.png","width":1654,"height":558,"caption":"Lemgoer Sch\u00fctzengesellschaft von 1575 e.V."},"image":{"@id":"https:\/\/schuetzen-lemgo.de\/#\/schema\/logo\/image\/"},"sameAs":["https:\/\/www.facebook.com\/SchuetzenLemgo"]}]}},"_links":{"self":[{"href":"https:\/\/schuetzen-lemgo.de\/index.php?rest_route=\/wp\/v2\/pages\/2142","targetHints":{"allow":["GET"]}}],"collection":[{"href":"https:\/\/schuetzen-lemgo.de\/index.php?rest_route=\/wp\/v2\/pages"}],"about":[{"href":"https:\/\/schuetzen-lemgo.de\/index.php?rest_route=\/wp\/v2\/types\/page"}],"author":[{"embeddable":true,"href":"https:\/\/schuetzen-lemgo.de\/index.php?rest_route=\/wp\/v2\/users\/1"}],"replies":[{"embeddable":true,"href":"https:\/\/schuetzen-lemgo.de\/index.php?rest_route=%2Fwp%2Fv2%2Fcomments&post=2142"}],"version-history":[{"count":10,"href":"https:\/\/schuetzen-lemgo.de\/index.php?rest_route=\/wp\/v2\/pages\/2142\/revisions"}],"predecessor-version":[{"id":2445,"href":"https:\/\/schuetzen-lemgo.de\/index.php?rest_route=\/wp\/v2\/pages\/2142\/revisions\/2445"}],"wp:featuredmedia":[{"embeddable":true,"href":"https:\/\/schuetzen-lemgo.de\/index.php?rest_route=\/wp\/v2\/media\/1899"}],"wp:attachment":[{"href":"https:\/\/schuetzen-lemgo.de\/index.php?rest_route=%2Fwp%2Fv2%2Fmedia&parent=2142"}],"curies":[{"name":"wp","href":"https:\/\/api.w.org\/{rel}","templated":true}]}}