{"id":2193,"date":"2024-08-23T16:39:00","date_gmt":"2024-08-23T15:39:00","guid":{"rendered":"https:\/\/schuetzen-lemgo.de\/wordpress\/?page_id=2193"},"modified":"2025-12-11T11:29:10","modified_gmt":"2025-12-11T10:29:10","slug":"jugendabteilung","status":"publish","type":"page","link":"https:\/\/schuetzen-lemgo.de\/?page_id=2193","title":{"rendered":"Jugendabteilung"},"content":{"rendered":"\n<div class=\"alignnormal\"><div id=\"metaslider-id-2190\" style=\"width: 100%; margin: 0 auto;\" class=\"ml-slider-3-109-0 metaslider metaslider-flex metaslider-2190 ml-slider ms-theme-default nav-hidden\" role=\"region\" aria-label=\"Organisation_Jugendabteilung\" data-height=\"264\" data-width=\"669\">\n    <div id=\"metaslider_container_2190\">\n        <div id=\"metaslider_2190\">\n            <ul class='slides'>\n                <li style=\"display: block; width: 100%;\" class=\"slide-2192 ms-image \" aria-roledescription=\"slide\" data-date=\"2024-08-23 16:32:29\" data-filename=\"Slider_Organisation_Jugendabteilung-669x264.jpg\" data-slide-type=\"image\"><img loading=\"lazy\" decoding=\"async\" src=\"https:\/\/schuetzen-lemgo.de\/wordpress\/wp-content\/uploads\/2024\/08\/Slider_Organisation_Jugendabteilung-669x264.jpg\" height=\"264\" width=\"669\" alt=\"\" class=\"slider-2190 slide-2192 msDefaultImage\" title=\"Slider_Organisation_Jugendabteilung\" \/><\/li>\n            <\/ul>\n        <\/div>\n        \n    <\/div>\n<\/div><\/div>\n\n\n\n<p><br><\/p>\n\n\n\n<h1 class=\"wp-block-heading\">Die Jugendabteilung<\/h1>\n\n\n<article id=\"c11\" class=\"csc-default\">\n<h2>In K\u00fcrze&#8230;<\/h2>\n<h3>Trainingszeiten:<\/h3>\n<p>Freitags von 17.00 Uhr bis 19.00 Uhr, au\u00dfer an Feiertagen oder w\u00e4hrend der Schulferien.<\/p>\n<h3>Einverst\u00e4ndniserkl\u00e4rung<\/h3>\n<p>Diese ist unerl\u00e4sslich. Wir bieten sie\u00a0<a href=\"https:\/\/schuetzen-lemgo.de\/wordpress\/wp-content\/uploads\/2024\/08\/20230418-EinverstaendniserklaerungJugend.pdf\" target=\"_blank\" rel=\"noopener\">hier zum Download<\/a> an. Sie kann aber auch selbstverst\u00e4ndlich bei uns vor Ort ausgef\u00fcllt und unterzeichnet werden.<\/p>\n<h3>Kontakt:<\/h3>\n<p>Fragen? Schickt uns eine <a class=\"mail\" href=\"mailto:post@schuetzen-lemgo.de\">E-Mail<\/a> oder kommt einfach beim w\u00f6chentlichen Training vorbei!<\/p>\n<h3>Die Aufgaben der Jugendarbeit:<\/h3>\n<ul>\n<li>F\u00f6rderung und Pflege des Sportes<\/li>\n<li>Erziehung zur kritischen Auseinandersetzung mit der Situation der Gesellschaft und Anregung zum gesellschaftlichen Engagement<\/li>\n<li>F\u00f6rderung von Mitgestaltung, Mitbestimmung und Mitverantwortung<\/li>\n<li>Entwicklung neuer Formen des Sports und der Bildung- zur \u00dcbung von Kommunikation, partnerschaftlichem Verhalten, Zusammenarbeit und Geselligkeit<\/li>\n<li>F\u00f6rderung der Pflege der internationalen Verst\u00e4ndigung<\/li>\n<li>Zusammenarbeit mit anderen Jugendorganisationen<\/li>\n<\/ul>\n<h3>Geschossen wird in der Jugendabteilung ausschlie\u00dflich:<\/h3>\n<ul>\n<li>Luftgewehr aufgelegt bzw. freihand<\/li>\n<li>Luftpistole aufgelegt bzw. freihand<\/li>\n<li>Kleinkalibergewehr aufgelegt bzw. freihand<\/li>\n<\/ul>\n<\/article>\n<article id=\"c10\" class=\"csc-default\"><header>\n<h2>In aller Ausf\u00fchrlichkeit&#8230;<\/h2>\n<\/header>\n<h3>Was Sportschie\u00dfen bedeutet<\/h3>\n<p>Der Schie\u00dfsport erfordert Konzentration, K\u00f6rperbeherrschung und Ausdauer. Leider denken viele, wenn es nicht um \u201eschneller, h\u00f6her, weiter\u201c geht, handelt es sich nicht um Sport \u2013 aber jeder, der schon ein Mal versucht hat, mit einem Luftgewehr, ohne Zielfernrohr, in zehn Meter Entfernung eine Zehn (Durchmesser: 1mm !) zu treffen, wei\u00df, dass dazu einige \u00dcbung und Erfahrung notwendig sind.<br \/>Die Kunst des Schie\u00dfens liegt insbesondere in der K\u00f6rperbeherrschung. Es gilt, seinen eigenen K\u00f6rper f\u00fcr den Moment der Schussabgabe so unter Kontrolle zu haben, dass es den Schuss nicht verrei\u00dft und die Kugel neben dem Ziel landet. Besonders f\u00fcr Kinder und Jugendliche ist dies eine \u00dcbung, die einige \u00dcberwindung kostet. Es bedarf daher auch einer Menge Konzentration, wenn jeder Schuss sein Ziel erreichen soll. Die F\u00e4higkeit, sich \u00fcber einen l\u00e4ngeren Zeitraum nur auf sich und sein Ziel zu konzentrieren, ist auch f\u00fcr das Lernen in der Schule eine gute \u00dcbung.<br \/>Grundlage f\u00fcr erfolgreiche Sportsch\u00fctzen ist die richtige Technik der verschiedenen Disziplinen, die jeder erlernen kann. Die grundlegenden Prinzipien wie Stand, Atmung, Anschlag und Zielen werden von Jungendtrainer und erfahrenen Vereinsmitgliedern weitergegeben, wobei Lehrg\u00e4nge, Literatur und eigene Erfahrungen das Wissen um die Technik vervollst\u00e4ndigen. Aufbauend auf die erlernte Technik k\u00f6nnen in Verbindung mit mentaler und k\u00f6rperlicher Konzentrationsf\u00e4higkeit Erfolge bis zur deutschen Meisterschaft oder sogar dar\u00fcber hinaus erreicht werden.<\/p>\n<h3>Was Sch\u00fcler und Jugendliche bei uns erwartet<\/h3>\n<p>Jeden Freitag ab 17:00 Uhr (au\u00dfer in der Ferienzeit) k\u00f6nnen sich alle interessierten M\u00e4dchen und Jungen ab dem 12. Lebensjahr\u00a0 am Vereins-Jugendtraining beteiligen, ohne dass vorher eine besondere Anmeldung dazu erfolgen muss. Es ist lediglich eine schriftliche Einverst\u00e4ndniserkl\u00e4rung der Eltern notwendig, wobei mit einer Sondergenehmigung (Landratsamt) auch schon fr\u00fcher mit dem Sportschie\u00dfen begonnen werden kann. Geschossen wird mit dem Luftgewehr, der Luftpistole oder Kleinkalibergewehr nach der Sportordnung des Deutschen Sch\u00fctzenbundes, die Ausr\u00fcstung (Sportwaffe und Kleidung) wird kostenfrei gestellt. Es steht ein erfahrener Trainer bereit, der die Besten besonders f\u00f6rdern und auf Wettk\u00e4mpfe bis hin zur deutschen Meisterschaft vorbereiten kann.<br \/>Neben dem Trainings- und Wettkampfbetrieb k\u00f6nnen alle Jugendlichen auch an verschiedenen Veranstaltungen im Verein teilnehmen. Bei entsprechendem Interesse wird jedes Jahr ein Jugendausflug organisiert.<\/p>\n<h3>Was der Verein von den Sch\u00fclern und Jugendlichen erwartet<\/h3>\n<p>Wer bei uns mitmachen will, sollte Zeit f\u00fcr ein regelm\u00e4\u00dfiges Training aufbringen. Geplant ist die Teilnahme an Wettk\u00e4mpfen, wof\u00fcr dann auch Zeit an einigen Wochenenden ben\u00f6tigt wird.<br \/>Sportschie\u00dfen ist eine olympische Sportart! Der olympische Gedanke steht auch bei uns im Vordergrund, Eigenschaften wie Ehrgeiz, Willenskraft und Mannschaftsgeist, aber auch Toleranz sind f\u00fcr Sportsch\u00fctzen wichtige Eigenschaften.<br \/>Au\u00dferdem sollte Interesse f\u00fcr die geselligen Veranstaltungen und Belange des Vereins gezeigt werden, um den Gemeinschaftsgeist zu f\u00f6rdern und zu erhalten. \u00dcbrigens: Alkohol und Zigaretten sind w\u00e4hrend der Jugendtrainingszeiten nicht erw\u00fcnscht!<\/p>\n<h3>Was f\u00fcr Eltern wichtig ist<\/h3>\n<p>Da es sich bei unseren Sportger\u00e4ten um Waffen handelt, stellt sich bei den meisten Eltern zun\u00e4chst die berechtigte Frage der Sicherheit. Gerade der verantwortungsvolle Umgang mit Waffen ist es, den man nur unter sachkundiger Aufsicht erlernen kann. Bevor man den Schie\u00dfstand das erste Mal mit einem Gewehr oder Pistole betreten darf, bekommt man eine eingehende Einweisung im sicheren Umgang mit den Sportger\u00e4ten. Die Aufsichten besitzen alle eine vom Dachverband best\u00e4tigte Waffensachkunde, der Schie\u00dfstand selbst wird alle zwei Jahre polizeilich auf seine Sicherheit hin \u00fcberpr\u00fcft.<br \/>Wie jeder andere Sportverein auch, brauchen wir eine schriftliche Einverst\u00e4ndniserkl\u00e4rung der Eltern, um die Kinder bei uns trainieren zu lassen. Dies ist noch keine Aufnahme in den Verein, denn jeder hat zun\u00e4chst die M\u00f6glichkeit, diesen Sport f\u00fcr sich auszuprobieren und dann hoffentlich auch Spa\u00df daran zu gewinnen.<br \/>Alle Eltern sind jederzeit willkommen, ihre Kinder zu begleiten oder es auch einmal selbst auszuprobieren. Unsere Jugendleiter stehen gerne f\u00fcr Fragen zur Verf\u00fcgung.<\/p>\n<h3>Was an sportlichen Erfolgen aufgewiesen werden kann<\/h3>\n<p style=\"text-align: left;\">Neben dem an Platzierungen und Medaillen messbaren Erfolg ist vor allem der Sieg \u00fcber sich selbst die sch\u00f6nste Best\u00e4tigung f\u00fcr die erfolgreiche Aus\u00fcbung des Schie\u00dfsports. Die Best\u00e4tigung von Trainingsleistungen im Wettkampf und das Ausloten der pers\u00f6nlichen Bestleistungen ist oftmals eine gr\u00f6\u00dfere sportliche Befriedigung als eine blo\u00dfe Topplatzierung. So ist die Qualifikation zur Teilnahme an den deutschen Meisterschaften f\u00fcr viele Sportsch\u00fctzen ein lohnendes Ziel f\u00fcr ihr Streben. Dort Top-Platzierungen und dar\u00fcber hinaus zu erringen, ist den Spitzensch\u00fctzen vorbehalten.<br \/>Viele unserer Sportsch\u00fctzen haben eines gemeinsam: bei der Sch\u00fctzengesellschaft Lemgo haben sie im Sch\u00fcler\/Jugendbereich (bis 18 Jahre) das Schie\u00dfen erlernt und ihren Sport so perfektioniert, um diese Erfolge erreichen zu k\u00f6nnen. Von deren Wettkampferfahrung k\u00f6nnen vor allen Dingen die jugendlichen Nachwuchssch\u00fctzen profitieren.<\/p>\n<p style=\"text-align: right;\">(<a href=\"http:\/\/www.sg-ulrichshoegl.de\/jugend\/jugend.htm\" target=\"_blank\" rel=\"noopener\">Quelle<\/a>)<\/p>\n<\/article>","protected":false},"excerpt":{"rendered":"<p>Die Jugendabteilung In K\u00fcrze&#8230; Trainingszeiten: Freitags von 17.00 Uhr bis 19.00 Uhr, au\u00dfer an Feiertagen oder w\u00e4hrend der Schulferien. Einverst\u00e4ndniserkl\u00e4rung Diese ist unerl\u00e4sslich. Wir bieten sie\u00a0hier zum Download an. Sie kann aber auch selbstverst\u00e4ndlich bei uns vor Ort ausgef\u00fcllt und unterzeichnet werden. Kontakt: Fragen? Schickt uns eine E-Mail oder kommt einfach beim w\u00f6chentlichen Training vorbei! [&hellip;]<\/p>\n","protected":false},"author":1,"featured_media":1899,"parent":0,"menu_order":0,"comment_status":"closed","ping_status":"closed","template":"","meta":{"site-sidebar-layout":"default","site-content-layout":"","ast-site-content-layout":"default","site-content-style":"default","site-sidebar-style":"default","ast-global-header-display":"","ast-banner-title-visibility":"","ast-main-header-display":"","ast-hfb-above-header-display":"","ast-hfb-below-header-display":"","ast-hfb-mobile-header-display":"","site-post-title":"disabled","ast-breadcrumbs-content":"","ast-featured-img":"","footer-sml-layout":"","ast-disable-related-posts":"","theme-transparent-header-meta":"","adv-header-id-meta":"","stick-header-meta":"","header-above-stick-meta":"","header-main-stick-meta":"","header-below-stick-meta":"","astra-migrate-meta-layouts":"set","ast-page-background-enabled":"default","ast-page-background-meta":{"desktop":{"background-color":"var(--ast-global-color-4)","background-image":"","background-repeat":"repeat","background-position":"center center","background-size":"auto","background-attachment":"scroll","background-type":"","background-media":"","overlay-type":"","overlay-color":"","overlay-opacity":"","overlay-gradient":""},"tablet":{"background-color":"","background-image":"","background-repeat":"repeat","background-position":"center center","background-size":"auto","background-attachment":"scroll","background-type":"","background-media":"","overlay-type":"","overlay-color":"","overlay-opacity":"","overlay-gradient":""},"mobile":{"background-color":"","background-image":"","background-repeat":"repeat","background-position":"center center","background-size":"auto","background-attachment":"scroll","background-type":"","background-media":"","overlay-type":"","overlay-color":"","overlay-opacity":"","overlay-gradient":""}},"ast-content-background-meta":{"desktop":{"background-color":"var(--ast-global-color-5)","background-image":"","background-repeat":"repeat","background-position":"center center","background-size":"auto","background-attachment":"scroll","background-type":"","background-media":"","overlay-type":"","overlay-color":"","overlay-opacity":"","overlay-gradient":""},"tablet":{"background-color":"var(--ast-global-color-5)","background-image":"","background-repeat":"repeat","background-position":"center center","background-size":"auto","background-attachment":"scroll","background-type":"","background-media":"","overlay-type":"","overlay-color":"","overlay-opacity":"","overlay-gradient":""},"mobile":{"background-color":"var(--ast-global-color-5)","background-image":"","background-repeat":"repeat","background-position":"center center","background-size":"auto","background-attachment":"scroll","background-type":"","background-media":"","overlay-type":"","overlay-color":"","overlay-opacity":"","overlay-gradient":""}},"footnotes":""},"class_list":["post-2193","page","type-page","status-publish","has-post-thumbnail","hentry"],"yoast_head":"<!-- This site is optimized with the Yoast SEO plugin v27.5 - https:\/\/yoast.com\/product\/yoast-seo-wordpress\/ -->\n<title>Jugendabteilung - Lemgoer Sch\u00fctzengesellschaft von 1575 e.V.<\/title>\n<meta name=\"description\" content=\"Finde Termine, Kontaktdaten und Trainingszeiten der Jugendabteilung, wo der sportliche Wettkampf und der Spa\u00df im Vordergrund stehen.\" \/>\n<meta name=\"robots\" content=\"index, follow, max-snippet:-1, max-image-preview:large, max-video-preview:-1\" \/>\n<link rel=\"canonical\" href=\"https:\/\/schuetzen-lemgo.de\/?page_id=2193\" \/>\n<meta property=\"og:locale\" content=\"de_DE\" \/>\n<meta property=\"og:type\" content=\"article\" \/>\n<meta property=\"og:title\" content=\"Jugendabteilung - Lemgoer Sch\u00fctzengesellschaft von 1575 e.V.\" \/>\n<meta property=\"og:description\" content=\"Finde Termine, Kontaktdaten und Trainingszeiten der Jugendabteilung, wo der sportliche Wettkampf und der Spa\u00df im Vordergrund stehen.\" \/>\n<meta property=\"og:url\" content=\"https:\/\/schuetzen-lemgo.de\/?page_id=2193\" \/>\n<meta property=\"og:site_name\" content=\"Lemgoer Sch\u00fctzengesellschaft von 1575 e.V.\" \/>\n<meta property=\"article:publisher\" content=\"https:\/\/www.facebook.com\/SchuetzenLemgo\" \/>\n<meta property=\"article:modified_time\" content=\"2025-12-11T10:29:10+00:00\" \/>\n<meta property=\"og:image\" content=\"https:\/\/schuetzen-lemgo.de\/wordpress\/wp-content\/uploads\/2024\/08\/Logo-300-DPI_Transparent_Quadrat.png\" \/>\n\t<meta property=\"og:image:width\" content=\"524\" \/>\n\t<meta property=\"og:image:height\" content=\"524\" \/>\n\t<meta property=\"og:image:type\" content=\"image\/png\" \/>\n<meta name=\"twitter:card\" content=\"summary_large_image\" \/>\n<meta name=\"twitter:label1\" content=\"Gesch\u00e4tzte Lesezeit\" \/>\n\t<meta name=\"twitter:data1\" content=\"6\u00a0Minuten\" \/>\n<script type=\"application\/ld+json\" class=\"yoast-schema-graph\">{\"@context\":\"https:\\\/\\\/schema.org\",\"@graph\":[{\"@type\":\"WebPage\",\"@id\":\"https:\\\/\\\/schuetzen-lemgo.de\\\/?page_id=2193\",\"url\":\"https:\\\/\\\/schuetzen-lemgo.de\\\/?page_id=2193\",\"name\":\"Jugendabteilung - Lemgoer Sch\u00fctzengesellschaft von 1575 e.V.\",\"isPartOf\":{\"@id\":\"https:\\\/\\\/schuetzen-lemgo.de\\\/#website\"},\"primaryImageOfPage\":{\"@id\":\"https:\\\/\\\/schuetzen-lemgo.de\\\/?page_id=2193#primaryimage\"},\"image\":{\"@id\":\"https:\\\/\\\/schuetzen-lemgo.de\\\/?page_id=2193#primaryimage\"},\"thumbnailUrl\":\"https:\\\/\\\/schuetzen-lemgo.de\\\/wordpress\\\/wp-content\\\/uploads\\\/2024\\\/08\\\/Logo-300-DPI_Transparent_Quadrat.png\",\"datePublished\":\"2024-08-23T15:39:00+00:00\",\"dateModified\":\"2025-12-11T10:29:10+00:00\",\"description\":\"Finde Termine, Kontaktdaten und Trainingszeiten der Jugendabteilung, wo der sportliche Wettkampf und der Spa\u00df im Vordergrund stehen.\",\"breadcrumb\":{\"@id\":\"https:\\\/\\\/schuetzen-lemgo.de\\\/?page_id=2193#breadcrumb\"},\"inLanguage\":\"de\",\"potentialAction\":[{\"@type\":\"ReadAction\",\"target\":[\"https:\\\/\\\/schuetzen-lemgo.de\\\/?page_id=2193\"]}]},{\"@type\":\"ImageObject\",\"inLanguage\":\"de\",\"@id\":\"https:\\\/\\\/schuetzen-lemgo.de\\\/?page_id=2193#primaryimage\",\"url\":\"https:\\\/\\\/schuetzen-lemgo.de\\\/wordpress\\\/wp-content\\\/uploads\\\/2024\\\/08\\\/Logo-300-DPI_Transparent_Quadrat.png\",\"contentUrl\":\"https:\\\/\\\/schuetzen-lemgo.de\\\/wordpress\\\/wp-content\\\/uploads\\\/2024\\\/08\\\/Logo-300-DPI_Transparent_Quadrat.png\",\"width\":524,\"height\":524},{\"@type\":\"BreadcrumbList\",\"@id\":\"https:\\\/\\\/schuetzen-lemgo.de\\\/?page_id=2193#breadcrumb\",\"itemListElement\":[{\"@type\":\"ListItem\",\"position\":1,\"name\":\"Startseite\",\"item\":\"https:\\\/\\\/schuetzen-lemgo.de\\\/\"},{\"@type\":\"ListItem\",\"position\":2,\"name\":\"Jugendabteilung\"}]},{\"@type\":\"WebSite\",\"@id\":\"https:\\\/\\\/schuetzen-lemgo.de\\\/#website\",\"url\":\"https:\\\/\\\/schuetzen-lemgo.de\\\/\",\"name\":\"Lemgoer Sch\u00fctzengesellschaft von 1575 e.V.\",\"description\":\"Finden Sie wichtige Termine und weitere Informationen zu unserem Verein\",\"publisher\":{\"@id\":\"https:\\\/\\\/schuetzen-lemgo.de\\\/#organization\"},\"potentialAction\":[{\"@type\":\"SearchAction\",\"target\":{\"@type\":\"EntryPoint\",\"urlTemplate\":\"https:\\\/\\\/schuetzen-lemgo.de\\\/?s={search_term_string}\"},\"query-input\":{\"@type\":\"PropertyValueSpecification\",\"valueRequired\":true,\"valueName\":\"search_term_string\"}}],\"inLanguage\":\"de\"},{\"@type\":\"Organization\",\"@id\":\"https:\\\/\\\/schuetzen-lemgo.de\\\/#organization\",\"name\":\"Lemgoer Sch\u00fctzengesellschaft von 1575 e.V.\",\"url\":\"https:\\\/\\\/schuetzen-lemgo.de\\\/\",\"logo\":{\"@type\":\"ImageObject\",\"inLanguage\":\"de\",\"@id\":\"https:\\\/\\\/schuetzen-lemgo.de\\\/#\\\/schema\\\/logo\\\/image\\\/\",\"url\":\"https:\\\/\\\/schuetzen-lemgo.de\\\/wordpress\\\/wp-content\\\/uploads\\\/2024\\\/08\\\/Logo-mit-Text-Schuetzengesellschaft-300-DPI_Transparent.png\",\"contentUrl\":\"https:\\\/\\\/schuetzen-lemgo.de\\\/wordpress\\\/wp-content\\\/uploads\\\/2024\\\/08\\\/Logo-mit-Text-Schuetzengesellschaft-300-DPI_Transparent.png\",\"width\":1654,\"height\":558,\"caption\":\"Lemgoer Sch\u00fctzengesellschaft von 1575 e.V.\"},\"image\":{\"@id\":\"https:\\\/\\\/schuetzen-lemgo.de\\\/#\\\/schema\\\/logo\\\/image\\\/\"},\"sameAs\":[\"https:\\\/\\\/www.facebook.com\\\/SchuetzenLemgo\"]}]}<\/script>\n<!-- \/ Yoast SEO plugin. -->","yoast_head_json":{"title":"Jugendabteilung - Lemgoer Sch\u00fctzengesellschaft von 1575 e.V.","description":"Finde Termine, Kontaktdaten und Trainingszeiten der Jugendabteilung, wo der sportliche Wettkampf und der Spa\u00df im Vordergrund stehen.","robots":{"index":"index","follow":"follow","max-snippet":"max-snippet:-1","max-image-preview":"max-image-preview:large","max-video-preview":"max-video-preview:-1"},"canonical":"https:\/\/schuetzen-lemgo.de\/?page_id=2193","og_locale":"de_DE","og_type":"article","og_title":"Jugendabteilung - Lemgoer Sch\u00fctzengesellschaft von 1575 e.V.","og_description":"Finde Termine, Kontaktdaten und Trainingszeiten der Jugendabteilung, wo der sportliche Wettkampf und der Spa\u00df im Vordergrund stehen.","og_url":"https:\/\/schuetzen-lemgo.de\/?page_id=2193","og_site_name":"Lemgoer Sch\u00fctzengesellschaft von 1575 e.V.","article_publisher":"https:\/\/www.facebook.com\/SchuetzenLemgo","article_modified_time":"2025-12-11T10:29:10+00:00","og_image":[{"width":524,"height":524,"url":"https:\/\/schuetzen-lemgo.de\/wordpress\/wp-content\/uploads\/2024\/08\/Logo-300-DPI_Transparent_Quadrat.png","type":"image\/png"}],"twitter_card":"summary_large_image","twitter_misc":{"Gesch\u00e4tzte Lesezeit":"6\u00a0Minuten"},"schema":{"@context":"https:\/\/schema.org","@graph":[{"@type":"WebPage","@id":"https:\/\/schuetzen-lemgo.de\/?page_id=2193","url":"https:\/\/schuetzen-lemgo.de\/?page_id=2193","name":"Jugendabteilung - Lemgoer Sch\u00fctzengesellschaft von 1575 e.V.","isPartOf":{"@id":"https:\/\/schuetzen-lemgo.de\/#website"},"primaryImageOfPage":{"@id":"https:\/\/schuetzen-lemgo.de\/?page_id=2193#primaryimage"},"image":{"@id":"https:\/\/schuetzen-lemgo.de\/?page_id=2193#primaryimage"},"thumbnailUrl":"https:\/\/schuetzen-lemgo.de\/wordpress\/wp-content\/uploads\/2024\/08\/Logo-300-DPI_Transparent_Quadrat.png","datePublished":"2024-08-23T15:39:00+00:00","dateModified":"2025-12-11T10:29:10+00:00","description":"Finde Termine, Kontaktdaten und Trainingszeiten der Jugendabteilung, wo der sportliche Wettkampf und der Spa\u00df im Vordergrund stehen.","breadcrumb":{"@id":"https:\/\/schuetzen-lemgo.de\/?page_id=2193#breadcrumb"},"inLanguage":"de","potentialAction":[{"@type":"ReadAction","target":["https:\/\/schuetzen-lemgo.de\/?page_id=2193"]}]},{"@type":"ImageObject","inLanguage":"de","@id":"https:\/\/schuetzen-lemgo.de\/?page_id=2193#primaryimage","url":"https:\/\/schuetzen-lemgo.de\/wordpress\/wp-content\/uploads\/2024\/08\/Logo-300-DPI_Transparent_Quadrat.png","contentUrl":"https:\/\/schuetzen-lemgo.de\/wordpress\/wp-content\/uploads\/2024\/08\/Logo-300-DPI_Transparent_Quadrat.png","width":524,"height":524},{"@type":"BreadcrumbList","@id":"https:\/\/schuetzen-lemgo.de\/?page_id=2193#breadcrumb","itemListElement":[{"@type":"ListItem","position":1,"name":"Startseite","item":"https:\/\/schuetzen-lemgo.de\/"},{"@type":"ListItem","position":2,"name":"Jugendabteilung"}]},{"@type":"WebSite","@id":"https:\/\/schuetzen-lemgo.de\/#website","url":"https:\/\/schuetzen-lemgo.de\/","name":"Lemgoer Sch\u00fctzengesellschaft von 1575 e.V.","description":"Finden Sie wichtige Termine und weitere Informationen zu unserem Verein","publisher":{"@id":"https:\/\/schuetzen-lemgo.de\/#organization"},"potentialAction":[{"@type":"SearchAction","target":{"@type":"EntryPoint","urlTemplate":"https:\/\/schuetzen-lemgo.de\/?s={search_term_string}"},"query-input":{"@type":"PropertyValueSpecification","valueRequired":true,"valueName":"search_term_string"}}],"inLanguage":"de"},{"@type":"Organization","@id":"https:\/\/schuetzen-lemgo.de\/#organization","name":"Lemgoer Sch\u00fctzengesellschaft von 1575 e.V.","url":"https:\/\/schuetzen-lemgo.de\/","logo":{"@type":"ImageObject","inLanguage":"de","@id":"https:\/\/schuetzen-lemgo.de\/#\/schema\/logo\/image\/","url":"https:\/\/schuetzen-lemgo.de\/wordpress\/wp-content\/uploads\/2024\/08\/Logo-mit-Text-Schuetzengesellschaft-300-DPI_Transparent.png","contentUrl":"https:\/\/schuetzen-lemgo.de\/wordpress\/wp-content\/uploads\/2024\/08\/Logo-mit-Text-Schuetzengesellschaft-300-DPI_Transparent.png","width":1654,"height":558,"caption":"Lemgoer Sch\u00fctzengesellschaft von 1575 e.V."},"image":{"@id":"https:\/\/schuetzen-lemgo.de\/#\/schema\/logo\/image\/"},"sameAs":["https:\/\/www.facebook.com\/SchuetzenLemgo"]}]}},"_links":{"self":[{"href":"https:\/\/schuetzen-lemgo.de\/index.php?rest_route=\/wp\/v2\/pages\/2193","targetHints":{"allow":["GET"]}}],"collection":[{"href":"https:\/\/schuetzen-lemgo.de\/index.php?rest_route=\/wp\/v2\/pages"}],"about":[{"href":"https:\/\/schuetzen-lemgo.de\/index.php?rest_route=\/wp\/v2\/types\/page"}],"author":[{"embeddable":true,"href":"https:\/\/schuetzen-lemgo.de\/index.php?rest_route=\/wp\/v2\/users\/1"}],"replies":[{"embeddable":true,"href":"https:\/\/schuetzen-lemgo.de\/index.php?rest_route=%2Fwp%2Fv2%2Fcomments&post=2193"}],"version-history":[{"count":7,"href":"https:\/\/schuetzen-lemgo.de\/index.php?rest_route=\/wp\/v2\/pages\/2193\/revisions"}],"predecessor-version":[{"id":3808,"href":"https:\/\/schuetzen-lemgo.de\/index.php?rest_route=\/wp\/v2\/pages\/2193\/revisions\/3808"}],"wp:featuredmedia":[{"embeddable":true,"href":"https:\/\/schuetzen-lemgo.de\/index.php?rest_route=\/wp\/v2\/media\/1899"}],"wp:attachment":[{"href":"https:\/\/schuetzen-lemgo.de\/index.php?rest_route=%2Fwp%2Fv2%2Fmedia&parent=2193"}],"curies":[{"name":"wp","href":"https:\/\/api.w.org\/{rel}","templated":true}]}}