{"id":2219,"date":"2024-08-23T17:16:25","date_gmt":"2024-08-23T16:16:25","guid":{"rendered":"https:\/\/schuetzen-lemgo.de\/wordpress\/?page_id=2219"},"modified":"2025-12-11T10:08:13","modified_gmt":"2025-12-11T09:08:13","slug":"die-gesellschaft","status":"publish","type":"page","link":"https:\/\/schuetzen-lemgo.de\/?page_id=2219","title":{"rendered":"Die Gesellschaft"},"content":{"rendered":"\n<div class=\"alignnormal\"><div id=\"metaslider-id-2220\" style=\"width: 100%; margin: 0 auto;\" class=\"ml-slider-3-108-0 metaslider metaslider-flex metaslider-2220 ml-slider ms-theme-default nav-hidden\" role=\"region\" aria-label=\"DieGesellschaft\" data-height=\"264\" data-width=\"669\">\n    <div id=\"metaslider_container_2220\">\n        <div id=\"metaslider_2220\">\n            <ul class='slides'>\n                <li style=\"display: block; width: 100%;\" class=\"slide-2227 ms-image \" aria-roledescription=\"slide\" data-date=\"2024-08-23 17:13:29\" data-filename=\"Slider_Gesellschaft_01.jpg\" data-slide-type=\"image\"><img loading=\"lazy\" decoding=\"async\" src=\"https:\/\/schuetzen-lemgo.de\/wordpress\/wp-content\/uploads\/2024\/08\/Slider_Gesellschaft_01.jpg\" height=\"264\" width=\"669\" alt=\"Slider_Gesellschaft_01\" class=\"slider-2220 slide-2227 msDefaultImage\" title=\"Slider_Gesellschaft_01\" \/><\/li>\n                <li style=\"display: none; width: 100%;\" class=\"slide-2228 ms-image \" aria-roledescription=\"slide\" data-date=\"2024-08-23 17:13:30\" data-filename=\"Slider_Gesellschaft_02.jpg\" data-slide-type=\"image\"><img loading=\"lazy\" decoding=\"async\" src=\"https:\/\/schuetzen-lemgo.de\/wordpress\/wp-content\/uploads\/2024\/08\/Slider_Gesellschaft_02.jpg\" height=\"264\" width=\"669\" alt=\"Slider_Gesellschaft_02\" class=\"slider-2220 slide-2228 msDefaultImage\" title=\"Slider_Gesellschaft_02\" \/><\/li>\n                <li style=\"display: none; width: 100%;\" class=\"slide-2229 ms-image \" aria-roledescription=\"slide\" data-date=\"2024-08-23 17:13:30\" data-filename=\"Slider_Gesellschaft_03.jpg\" data-slide-type=\"image\"><img loading=\"lazy\" decoding=\"async\" src=\"https:\/\/schuetzen-lemgo.de\/wordpress\/wp-content\/uploads\/2024\/08\/Slider_Gesellschaft_03.jpg\" height=\"264\" width=\"669\" alt=\"Slider_Gesellschaft_03\" class=\"slider-2220 slide-2229 msDefaultImage\" title=\"Slider_Gesellschaft_03\" \/><\/li>\n                <li style=\"display: none; width: 100%;\" class=\"slide-2230 ms-image \" aria-roledescription=\"slide\" data-date=\"2024-08-23 17:13:30\" data-filename=\"Slider_Gesellschaft_04.jpg\" data-slide-type=\"image\"><img loading=\"lazy\" decoding=\"async\" src=\"https:\/\/schuetzen-lemgo.de\/wordpress\/wp-content\/uploads\/2024\/08\/Slider_Gesellschaft_04.jpg\" height=\"264\" width=\"669\" alt=\"Slider_Gesellschaft_04\" class=\"slider-2220 slide-2230 msDefaultImage\" title=\"Slider_Gesellschaft_04\" \/><\/li>\n                <li style=\"display: none; width: 100%;\" class=\"slide-2231 ms-image \" aria-roledescription=\"slide\" data-date=\"2024-08-23 17:13:30\" data-filename=\"Slider_Gesellschaft_05.jpg\" data-slide-type=\"image\"><img loading=\"lazy\" decoding=\"async\" src=\"https:\/\/schuetzen-lemgo.de\/wordpress\/wp-content\/uploads\/2024\/08\/Slider_Gesellschaft_05.jpg\" height=\"264\" width=\"669\" alt=\"Slider_Gesellschaft_05\" class=\"slider-2220 slide-2231 msDefaultImage\" title=\"Slider_Gesellschaft_05\" \/><\/li>\n                <li style=\"display: none; width: 100%;\" class=\"slide-2232 ms-image \" aria-roledescription=\"slide\" data-date=\"2024-08-23 17:13:30\" data-filename=\"Slider_Gesellschaft_06.jpg\" data-slide-type=\"image\"><img loading=\"lazy\" decoding=\"async\" src=\"https:\/\/schuetzen-lemgo.de\/wordpress\/wp-content\/uploads\/2024\/08\/Slider_Gesellschaft_06.jpg\" height=\"264\" width=\"669\" alt=\"Slider_Gesellschaft_06\" class=\"slider-2220 slide-2232 msDefaultImage\" title=\"Slider_Gesellschaft_06\" \/><\/li>\n            <\/ul>\n        <\/div>\n        \n    <\/div>\n<\/div><\/div>\n\n\n\n<p><br><\/p>\n\n\n\n<h1 class=\"wp-block-heading\">Die Gesellschaft stellt sich vor<\/h1>\n\n\n<h2>Die Sch\u00fctzengesellschaft<\/h2>\n<p>Die Lemgoer Sch\u00fctzengesellschaft von 1575 e.V. ist ein beim Amtsgericht Lemgo unter VR 225 eingetragener Verein, dessen historische Urspr\u00fcnge bis in das Jahr 1575 zur\u00fcckreichen. Einen wesentlichen Abriss \u00fcber die Geschichte unserer Gesellschaft k\u00f6nnen Sie in unserer Chronik nachlesen.<\/p>\n<p>Zur Zeit hat unsere Gesellschaft \u00fcber 1.300 Mitglieder und ist damit einer der drei gr\u00f6\u00dften Vereine im Sch\u00fctzenkreis Lippe.<\/p>\n<p>Unsere Gesellschaft ist aufgrund ihrer Herkunft milit\u00e4risch organisiert. Sie unterteilt sich in den Stab, vier Kompanien, die ihrerseits wiederum in R\u00f6tter eingeteilt sind, den Schie\u00dfsportverein und den Thron.<\/p>\n<p>Die Gesellschaft wird nach au\u00dfen hin von Oberst und Major zusammen mit dem Schrift- und Rechnungsf\u00fchrer als Vorstand im Sinne von \u00a7 26 BGB gef\u00fchrt. Unterst\u00fctzt wird der Vorstand hierbei von den Adjutanten des Oberst und des Majors sowie den vier Kompaniehauptleuten und dem Sozialwart. Die Kompanien werden vom Kompanievorstand, der aus Hauptmann, Oberleutnant und Leutnant besteht, gef\u00fchrt, die einzelnen R\u00f6tter von den Rottmeistern.<\/p>\n<p>Auch bietet die Lemgoer Sch\u00fctzengesellschaft dem Schie\u00dfsportinteressierten einen modernen, unterirdisch gelegenen und damit geschlossenen Schie\u00dfstand, auf dem die allermeisten vom DSB ausgeschriebenen Wettk\u00e4mpfe in Gewehr (au\u00dfer Gro\u00dfkalibergewehr) und Pistole unter Wettkampfbedingungen trainiert werden k\u00f6nnen. F\u00fcr diese Disziplinen stehen dar\u00fcber hinaus vereinseigene Waffen zum Training bereit.<\/p>\n<h2>Das Sch\u00fctzenleben<\/h2>\n<p>Die Gesellschaft feiert alle zwei Jahre ein Sch\u00fctzenfest, dass \u00fcber vier Tage andauert und Freitags abends mit dem Zapfenstreich auf dem historischen Marktplatz in Lemgo seinen Anfang nimmt. Aber auch in dem sch\u00fctzenfestfreien Jahr veranstaltet die Gesellschaft an einem Abend im Sp\u00e4tsommer oder fr\u00fchen Herbst ein Fest, das dann obwohl im kleineren Rahmen gehalten, sich allergr\u00f6\u00dfter Beliebtheit erfreut.<\/p>\n<p>Der K\u00f6nig der Gesellschaft wird alle zwei Jahre auf dem Sch\u00fctzenfest ausgeschlossen. Traditionsgem\u00e4\u00df wird in unserer Gesellschaft nicht auf einen Vogel geschossen, sondern auf 50 Meter Entfernung mit dem Kleinkalibergewehr aufgelegt zwei Schuss auf eine Ringscheiben abgegeben. Der Sch\u00fctze mit der besten Zehn hat das Anrecht, die ihm angetragene K\u00f6nigsw\u00fcrde anzunehmen. Die jeweilige K\u00f6nigin bestimmt der K\u00f6nig sodann selbst.<\/p>\n<p>Das K\u00f6nigspaar wird vom Thron begleitet, der aus jungen, unverheirateten Sch\u00fctzen und alle zwei Jahre wechselnden Throndamen besteht. Schon die ein oder andere Ehe, so erz\u00e4hlt man sich, soll auf dem Thron gestiftet worden sein.<\/p>\n<h2>Schlie\u00dflich<\/h2>\n<p>Doch auch, wenn unsere Gesellschaft milit\u00e4risch hierarchisch gegliedert ist, liegt keine Struktur von Befehl und Gehorsam vor. Vielmehr ist der Gemeinsinn dieses Traditionsvereins aus dem zusammen erlebten Sch\u00fctzengeist abzuleiten, der wiederum seinen Ursprung in der Geselligkeit des Zusammenseins hat. Dieses kann der Sch\u00fctze in seiner Kompanie, in seinem Rott, immer wieder, und sei es auch nur alle zwei Jahre, aufs Neue erleben.<\/p>\n<p>Diese Erfahrung spiegelt sich auch in dem fr\u00f6hlichen Liedgut wieder, dass die Sch\u00fctzenbr\u00fcder \u00fcber die Jahre entwickelt haben und das, auch heute noch, gerne gespielt und gesungen wird.<\/p>\n<p>In diesem Sinne geben wir<br \/>der ehrw\u00fcrdigen Sch\u00fctzengesellschaft<br \/>der alten Hansestadt Lemgo<br \/>das Beste, was wir Sch\u00fctzen zu geben haben:<\/p>\n<p style=\"padding-left: 40px;\">Sie lebe &#8222;hoch &#8211; hoch &#8211; abermals &#8211; hoch!&#8220;<\/p>","protected":false},"excerpt":{"rendered":"<p>Die Gesellschaft stellt sich vor Die Sch\u00fctzengesellschaft Die Lemgoer Sch\u00fctzengesellschaft von 1575 e.V. ist ein beim Amtsgericht Lemgo unter VR 225 eingetragener Verein, dessen historische Urspr\u00fcnge bis in das Jahr 1575 zur\u00fcckreichen. Einen wesentlichen Abriss \u00fcber die Geschichte unserer Gesellschaft k\u00f6nnen Sie in unserer Chronik nachlesen. Zur Zeit hat unsere Gesellschaft \u00fcber 1.300 Mitglieder und [&hellip;]<\/p>\n","protected":false},"author":1,"featured_media":1899,"parent":0,"menu_order":0,"comment_status":"closed","ping_status":"closed","template":"","meta":{"site-sidebar-layout":"default","site-content-layout":"","ast-site-content-layout":"default","site-content-style":"default","site-sidebar-style":"default","ast-global-header-display":"","ast-banner-title-visibility":"","ast-main-header-display":"","ast-hfb-above-header-display":"","ast-hfb-below-header-display":"","ast-hfb-mobile-header-display":"","site-post-title":"disabled","ast-breadcrumbs-content":"","ast-featured-img":"","footer-sml-layout":"","ast-disable-related-posts":"","theme-transparent-header-meta":"","adv-header-id-meta":"","stick-header-meta":"","header-above-stick-meta":"","header-main-stick-meta":"","header-below-stick-meta":"","astra-migrate-meta-layouts":"set","ast-page-background-enabled":"default","ast-page-background-meta":{"desktop":{"background-color":"var(--ast-global-color-4)","background-image":"","background-repeat":"repeat","background-position":"center center","background-size":"auto","background-attachment":"scroll","background-type":"","background-media":"","overlay-type":"","overlay-color":"","overlay-opacity":"","overlay-gradient":""},"tablet":{"background-color":"","background-image":"","background-repeat":"repeat","background-position":"center center","background-size":"auto","background-attachment":"scroll","background-type":"","background-media":"","overlay-type":"","overlay-color":"","overlay-opacity":"","overlay-gradient":""},"mobile":{"background-color":"","background-image":"","background-repeat":"repeat","background-position":"center center","background-size":"auto","background-attachment":"scroll","background-type":"","background-media":"","overlay-type":"","overlay-color":"","overlay-opacity":"","overlay-gradient":""}},"ast-content-background-meta":{"desktop":{"background-color":"var(--ast-global-color-5)","background-image":"","background-repeat":"repeat","background-position":"center center","background-size":"auto","background-attachment":"scroll","background-type":"","background-media":"","overlay-type":"","overlay-color":"","overlay-opacity":"","overlay-gradient":""},"tablet":{"background-color":"var(--ast-global-color-5)","background-image":"","background-repeat":"repeat","background-position":"center center","background-size":"auto","background-attachment":"scroll","background-type":"","background-media":"","overlay-type":"","overlay-color":"","overlay-opacity":"","overlay-gradient":""},"mobile":{"background-color":"var(--ast-global-color-5)","background-image":"","background-repeat":"repeat","background-position":"center center","background-size":"auto","background-attachment":"scroll","background-type":"","background-media":"","overlay-type":"","overlay-color":"","overlay-opacity":"","overlay-gradient":""}},"footnotes":""},"class_list":["post-2219","page","type-page","status-publish","has-post-thumbnail","hentry"],"yoast_head":"<!-- This site is optimized with the Yoast SEO plugin v27.4 - https:\/\/yoast.com\/product\/yoast-seo-wordpress\/ -->\n<title>Die Gesellschaft - Lemgoer Sch\u00fctzengesellschaft von 1575 e.V.<\/title>\n<meta name=\"description\" content=\"Eine Vorstellung des Lemgoer Sch\u00fctzenbataillons, der Sch\u00fctzengesellschaft, dem Sch\u00fctzenleben und unserer internen Organisation.\" \/>\n<meta name=\"robots\" content=\"index, follow, max-snippet:-1, max-image-preview:large, max-video-preview:-1\" \/>\n<link rel=\"canonical\" href=\"https:\/\/schuetzen-lemgo.de\/?page_id=2219\" \/>\n<meta property=\"og:locale\" content=\"de_DE\" \/>\n<meta property=\"og:type\" content=\"article\" \/>\n<meta property=\"og:title\" content=\"Die Gesellschaft - Lemgoer Sch\u00fctzengesellschaft von 1575 e.V.\" \/>\n<meta property=\"og:description\" content=\"Eine Vorstellung des Lemgoer Sch\u00fctzenbataillons, der Sch\u00fctzengesellschaft, dem Sch\u00fctzenleben und unserer internen Organisation.\" \/>\n<meta property=\"og:url\" content=\"https:\/\/schuetzen-lemgo.de\/?page_id=2219\" \/>\n<meta property=\"og:site_name\" content=\"Lemgoer Sch\u00fctzengesellschaft von 1575 e.V.\" \/>\n<meta property=\"article:publisher\" content=\"https:\/\/www.facebook.com\/SchuetzenLemgo\" \/>\n<meta property=\"article:modified_time\" content=\"2025-12-11T09:08:13+00:00\" \/>\n<meta property=\"og:image\" content=\"https:\/\/schuetzen-lemgo.de\/wordpress\/wp-content\/uploads\/2024\/08\/Logo-300-DPI_Transparent_Quadrat.png\" \/>\n\t<meta property=\"og:image:width\" content=\"524\" \/>\n\t<meta property=\"og:image:height\" content=\"524\" \/>\n\t<meta property=\"og:image:type\" content=\"image\/png\" \/>\n<meta name=\"twitter:card\" content=\"summary_large_image\" \/>\n<meta name=\"twitter:label1\" content=\"Gesch\u00e4tzte Lesezeit\" \/>\n\t<meta name=\"twitter:data1\" content=\"3\u00a0Minuten\" \/>\n<script type=\"application\/ld+json\" class=\"yoast-schema-graph\">{\"@context\":\"https:\\\/\\\/schema.org\",\"@graph\":[{\"@type\":\"WebPage\",\"@id\":\"https:\\\/\\\/schuetzen-lemgo.de\\\/?page_id=2219\",\"url\":\"https:\\\/\\\/schuetzen-lemgo.de\\\/?page_id=2219\",\"name\":\"Die Gesellschaft - Lemgoer Sch\u00fctzengesellschaft von 1575 e.V.\",\"isPartOf\":{\"@id\":\"https:\\\/\\\/schuetzen-lemgo.de\\\/#website\"},\"primaryImageOfPage\":{\"@id\":\"https:\\\/\\\/schuetzen-lemgo.de\\\/?page_id=2219#primaryimage\"},\"image\":{\"@id\":\"https:\\\/\\\/schuetzen-lemgo.de\\\/?page_id=2219#primaryimage\"},\"thumbnailUrl\":\"https:\\\/\\\/schuetzen-lemgo.de\\\/wordpress\\\/wp-content\\\/uploads\\\/2024\\\/08\\\/Logo-300-DPI_Transparent_Quadrat.png\",\"datePublished\":\"2024-08-23T16:16:25+00:00\",\"dateModified\":\"2025-12-11T09:08:13+00:00\",\"description\":\"Eine Vorstellung des Lemgoer Sch\u00fctzenbataillons, der Sch\u00fctzengesellschaft, dem Sch\u00fctzenleben und unserer internen Organisation.\",\"breadcrumb\":{\"@id\":\"https:\\\/\\\/schuetzen-lemgo.de\\\/?page_id=2219#breadcrumb\"},\"inLanguage\":\"de\",\"potentialAction\":[{\"@type\":\"ReadAction\",\"target\":[\"https:\\\/\\\/schuetzen-lemgo.de\\\/?page_id=2219\"]}]},{\"@type\":\"ImageObject\",\"inLanguage\":\"de\",\"@id\":\"https:\\\/\\\/schuetzen-lemgo.de\\\/?page_id=2219#primaryimage\",\"url\":\"https:\\\/\\\/schuetzen-lemgo.de\\\/wordpress\\\/wp-content\\\/uploads\\\/2024\\\/08\\\/Logo-300-DPI_Transparent_Quadrat.png\",\"contentUrl\":\"https:\\\/\\\/schuetzen-lemgo.de\\\/wordpress\\\/wp-content\\\/uploads\\\/2024\\\/08\\\/Logo-300-DPI_Transparent_Quadrat.png\",\"width\":524,\"height\":524},{\"@type\":\"BreadcrumbList\",\"@id\":\"https:\\\/\\\/schuetzen-lemgo.de\\\/?page_id=2219#breadcrumb\",\"itemListElement\":[{\"@type\":\"ListItem\",\"position\":1,\"name\":\"Startseite\",\"item\":\"https:\\\/\\\/schuetzen-lemgo.de\\\/\"},{\"@type\":\"ListItem\",\"position\":2,\"name\":\"Die Gesellschaft\"}]},{\"@type\":\"WebSite\",\"@id\":\"https:\\\/\\\/schuetzen-lemgo.de\\\/#website\",\"url\":\"https:\\\/\\\/schuetzen-lemgo.de\\\/\",\"name\":\"Lemgoer Sch\u00fctzengesellschaft von 1575 e.V.\",\"description\":\"Finden Sie wichtige Termine und weitere Informationen zu unserem Verein\",\"publisher\":{\"@id\":\"https:\\\/\\\/schuetzen-lemgo.de\\\/#organization\"},\"potentialAction\":[{\"@type\":\"SearchAction\",\"target\":{\"@type\":\"EntryPoint\",\"urlTemplate\":\"https:\\\/\\\/schuetzen-lemgo.de\\\/?s={search_term_string}\"},\"query-input\":{\"@type\":\"PropertyValueSpecification\",\"valueRequired\":true,\"valueName\":\"search_term_string\"}}],\"inLanguage\":\"de\"},{\"@type\":\"Organization\",\"@id\":\"https:\\\/\\\/schuetzen-lemgo.de\\\/#organization\",\"name\":\"Lemgoer Sch\u00fctzengesellschaft von 1575 e.V.\",\"url\":\"https:\\\/\\\/schuetzen-lemgo.de\\\/\",\"logo\":{\"@type\":\"ImageObject\",\"inLanguage\":\"de\",\"@id\":\"https:\\\/\\\/schuetzen-lemgo.de\\\/#\\\/schema\\\/logo\\\/image\\\/\",\"url\":\"https:\\\/\\\/schuetzen-lemgo.de\\\/wordpress\\\/wp-content\\\/uploads\\\/2024\\\/08\\\/Logo-mit-Text-Schuetzengesellschaft-300-DPI_Transparent.png\",\"contentUrl\":\"https:\\\/\\\/schuetzen-lemgo.de\\\/wordpress\\\/wp-content\\\/uploads\\\/2024\\\/08\\\/Logo-mit-Text-Schuetzengesellschaft-300-DPI_Transparent.png\",\"width\":1654,\"height\":558,\"caption\":\"Lemgoer Sch\u00fctzengesellschaft von 1575 e.V.\"},\"image\":{\"@id\":\"https:\\\/\\\/schuetzen-lemgo.de\\\/#\\\/schema\\\/logo\\\/image\\\/\"},\"sameAs\":[\"https:\\\/\\\/www.facebook.com\\\/SchuetzenLemgo\"]}]}<\/script>\n<!-- \/ Yoast SEO plugin. -->","yoast_head_json":{"title":"Die Gesellschaft - Lemgoer Sch\u00fctzengesellschaft von 1575 e.V.","description":"Eine Vorstellung des Lemgoer Sch\u00fctzenbataillons, der Sch\u00fctzengesellschaft, dem Sch\u00fctzenleben und unserer internen Organisation.","robots":{"index":"index","follow":"follow","max-snippet":"max-snippet:-1","max-image-preview":"max-image-preview:large","max-video-preview":"max-video-preview:-1"},"canonical":"https:\/\/schuetzen-lemgo.de\/?page_id=2219","og_locale":"de_DE","og_type":"article","og_title":"Die Gesellschaft - Lemgoer Sch\u00fctzengesellschaft von 1575 e.V.","og_description":"Eine Vorstellung des Lemgoer Sch\u00fctzenbataillons, der Sch\u00fctzengesellschaft, dem Sch\u00fctzenleben und unserer internen Organisation.","og_url":"https:\/\/schuetzen-lemgo.de\/?page_id=2219","og_site_name":"Lemgoer Sch\u00fctzengesellschaft von 1575 e.V.","article_publisher":"https:\/\/www.facebook.com\/SchuetzenLemgo","article_modified_time":"2025-12-11T09:08:13+00:00","og_image":[{"width":524,"height":524,"url":"https:\/\/schuetzen-lemgo.de\/wordpress\/wp-content\/uploads\/2024\/08\/Logo-300-DPI_Transparent_Quadrat.png","type":"image\/png"}],"twitter_card":"summary_large_image","twitter_misc":{"Gesch\u00e4tzte Lesezeit":"3\u00a0Minuten"},"schema":{"@context":"https:\/\/schema.org","@graph":[{"@type":"WebPage","@id":"https:\/\/schuetzen-lemgo.de\/?page_id=2219","url":"https:\/\/schuetzen-lemgo.de\/?page_id=2219","name":"Die Gesellschaft - Lemgoer Sch\u00fctzengesellschaft von 1575 e.V.","isPartOf":{"@id":"https:\/\/schuetzen-lemgo.de\/#website"},"primaryImageOfPage":{"@id":"https:\/\/schuetzen-lemgo.de\/?page_id=2219#primaryimage"},"image":{"@id":"https:\/\/schuetzen-lemgo.de\/?page_id=2219#primaryimage"},"thumbnailUrl":"https:\/\/schuetzen-lemgo.de\/wordpress\/wp-content\/uploads\/2024\/08\/Logo-300-DPI_Transparent_Quadrat.png","datePublished":"2024-08-23T16:16:25+00:00","dateModified":"2025-12-11T09:08:13+00:00","description":"Eine Vorstellung des Lemgoer Sch\u00fctzenbataillons, der Sch\u00fctzengesellschaft, dem Sch\u00fctzenleben und unserer internen Organisation.","breadcrumb":{"@id":"https:\/\/schuetzen-lemgo.de\/?page_id=2219#breadcrumb"},"inLanguage":"de","potentialAction":[{"@type":"ReadAction","target":["https:\/\/schuetzen-lemgo.de\/?page_id=2219"]}]},{"@type":"ImageObject","inLanguage":"de","@id":"https:\/\/schuetzen-lemgo.de\/?page_id=2219#primaryimage","url":"https:\/\/schuetzen-lemgo.de\/wordpress\/wp-content\/uploads\/2024\/08\/Logo-300-DPI_Transparent_Quadrat.png","contentUrl":"https:\/\/schuetzen-lemgo.de\/wordpress\/wp-content\/uploads\/2024\/08\/Logo-300-DPI_Transparent_Quadrat.png","width":524,"height":524},{"@type":"BreadcrumbList","@id":"https:\/\/schuetzen-lemgo.de\/?page_id=2219#breadcrumb","itemListElement":[{"@type":"ListItem","position":1,"name":"Startseite","item":"https:\/\/schuetzen-lemgo.de\/"},{"@type":"ListItem","position":2,"name":"Die Gesellschaft"}]},{"@type":"WebSite","@id":"https:\/\/schuetzen-lemgo.de\/#website","url":"https:\/\/schuetzen-lemgo.de\/","name":"Lemgoer Sch\u00fctzengesellschaft von 1575 e.V.","description":"Finden Sie wichtige Termine und weitere Informationen zu unserem Verein","publisher":{"@id":"https:\/\/schuetzen-lemgo.de\/#organization"},"potentialAction":[{"@type":"SearchAction","target":{"@type":"EntryPoint","urlTemplate":"https:\/\/schuetzen-lemgo.de\/?s={search_term_string}"},"query-input":{"@type":"PropertyValueSpecification","valueRequired":true,"valueName":"search_term_string"}}],"inLanguage":"de"},{"@type":"Organization","@id":"https:\/\/schuetzen-lemgo.de\/#organization","name":"Lemgoer Sch\u00fctzengesellschaft von 1575 e.V.","url":"https:\/\/schuetzen-lemgo.de\/","logo":{"@type":"ImageObject","inLanguage":"de","@id":"https:\/\/schuetzen-lemgo.de\/#\/schema\/logo\/image\/","url":"https:\/\/schuetzen-lemgo.de\/wordpress\/wp-content\/uploads\/2024\/08\/Logo-mit-Text-Schuetzengesellschaft-300-DPI_Transparent.png","contentUrl":"https:\/\/schuetzen-lemgo.de\/wordpress\/wp-content\/uploads\/2024\/08\/Logo-mit-Text-Schuetzengesellschaft-300-DPI_Transparent.png","width":1654,"height":558,"caption":"Lemgoer Sch\u00fctzengesellschaft von 1575 e.V."},"image":{"@id":"https:\/\/schuetzen-lemgo.de\/#\/schema\/logo\/image\/"},"sameAs":["https:\/\/www.facebook.com\/SchuetzenLemgo"]}]}},"_links":{"self":[{"href":"https:\/\/schuetzen-lemgo.de\/index.php?rest_route=\/wp\/v2\/pages\/2219","targetHints":{"allow":["GET"]}}],"collection":[{"href":"https:\/\/schuetzen-lemgo.de\/index.php?rest_route=\/wp\/v2\/pages"}],"about":[{"href":"https:\/\/schuetzen-lemgo.de\/index.php?rest_route=\/wp\/v2\/types\/page"}],"author":[{"embeddable":true,"href":"https:\/\/schuetzen-lemgo.de\/index.php?rest_route=\/wp\/v2\/users\/1"}],"replies":[{"embeddable":true,"href":"https:\/\/schuetzen-lemgo.de\/index.php?rest_route=%2Fwp%2Fv2%2Fcomments&post=2219"}],"version-history":[{"count":5,"href":"https:\/\/schuetzen-lemgo.de\/index.php?rest_route=\/wp\/v2\/pages\/2219\/revisions"}],"predecessor-version":[{"id":2769,"href":"https:\/\/schuetzen-lemgo.de\/index.php?rest_route=\/wp\/v2\/pages\/2219\/revisions\/2769"}],"wp:featuredmedia":[{"embeddable":true,"href":"https:\/\/schuetzen-lemgo.de\/index.php?rest_route=\/wp\/v2\/media\/1899"}],"wp:attachment":[{"href":"https:\/\/schuetzen-lemgo.de\/index.php?rest_route=%2Fwp%2Fv2%2Fmedia&parent=2219"}],"curies":[{"name":"wp","href":"https:\/\/api.w.org\/{rel}","templated":true}]}}