{"id":2249,"date":"2024-08-23T17:41:15","date_gmt":"2024-08-23T16:41:15","guid":{"rendered":"https:\/\/schuetzen-lemgo.de\/wordpress\/?page_id=2249"},"modified":"2025-12-11T10:07:28","modified_gmt":"2025-12-11T09:07:28","slug":"chronic","status":"publish","type":"page","link":"https:\/\/schuetzen-lemgo.de\/?page_id=2249","title":{"rendered":"Chronik"},"content":{"rendered":"\n<div class=\"alignnormal\"><div id=\"metaslider-id-2250\" style=\"width: 100%; margin: 0 auto;\" class=\"ml-slider-3-107-0 metaslider metaslider-flex metaslider-2250 ml-slider ms-theme-default nav-hidden\" role=\"region\" aria-label=\"DieGesellschaft_Chronik\" data-height=\"264\" data-width=\"669\">\n    <div id=\"metaslider_container_2250\">\n        <div id=\"metaslider_2250\">\n            <ul class='slides'>\n                <li style=\"display: block; width: 100%;\" class=\"slide-2251 ms-image \" aria-roledescription=\"slide\" data-date=\"2024-08-23 17:27:25\" data-filename=\"Slider_Main_01.jpg\" data-slide-type=\"image\"><img loading=\"lazy\" decoding=\"async\" src=\"https:\/\/schuetzen-lemgo.de\/wordpress\/wp-content\/uploads\/2024\/08\/Slider_Main_01.jpg\" height=\"264\" width=\"669\" alt=\"Slider_Main_01\" class=\"slider-2250 slide-2251 msDefaultImage\" title=\"Slider_Main_01\" \/><\/li>\n            <\/ul>\n        <\/div>\n        \n    <\/div>\n<\/div><\/div>\n\n\n\n<p><br><\/p>\n\n\n\n<h1 class=\"wp-block-heading\">Chronik<\/h1>\n\n\n<div id=\"content\">\n<article id=\"c14\" class=\"csc-default\">\n<h2>7. Februar 1600<\/h2>\n<p>Das Sch\u00fctzenstatut vom 4. Januar 1577 wurde erneuert und die Mitgliederzahl auf 150 gemeine Sch\u00fctzen erh\u00f6ht.<br \/>Erw\u00e4hnt werden auch 18 besonders vornehme Sch\u00fctzen, zumeist Ratsmitglieder oder Inhaber anderer Ehren\u00e4mter, mit dem &#8222;Langen Gewehr&#8220; (d.h. mit Hellebarden), die vor und hinter der Fahne marschierten und das Vorrecht besa\u00dfen, die Wache bei vornehmen G\u00e4sten &#8211; beim Landesherrn oder ausw\u00e4rtigen Potentaten &#8211; zu stellen.<br \/>Es wurde nicht mehr auf den Vogelbaum, sondern auf Scheibe geschossen.<\/p>\n<h2>22. Juli 1600<\/h2>\n<p>Simon VI. zur Lippe erlaubt der Lemgoer Sch\u00fctzengesellschaft das j\u00e4hrliche Schie\u00dfen und den Auszug mit fliegenden Fahnen, Pfeifen und Trommeln.<\/p>\n<h2>1659<\/h2>\n<p>Sch\u00fctzenvogel, \u00fcberliefert im St\u00e4dtischen Museum Hexenb\u00fcrgermeisterhaus in Lemgo.<\/p>\n<h2>20. Oktober 1683<\/h2>\n<p>ist erstmalig von einer Lemgoer Sch\u00fctzenkompanie die Rede.<\/p>\n<h2>1697<\/h2>\n<p>wird in Lippe ein stehendes Heer von S\u00f6ldnern geschaffen, damit verliert die Sch\u00fctzengesellschaft ihre milit\u00e4rische Aufgaben und wendet sich der Brauchtumspflege, der Geselligkeit und dem Sport zu.<\/p>\n<h2>1715<\/h2>\n<p>Die erneuerte Stadtordnung von Lemgo enth\u00e4lt auch die Wachordnung aus der hervorgeht, dass die Rottmeister der Sch\u00fctzen Wachthabende an den Toren sind und da\u00df ein Sch\u00fctzenoffizier die Visitation der Wachen vornimmt.<\/p>\n<h2>1729<\/h2>\n<p>Ein neuer Sch\u00fctzenvogel, gestiftet von der Gr\u00e4fin zur Lippe, vorhanden im St\u00e4dtischen Museum Hexenb\u00fcrgermeisterhaus in Lemgo.<\/p>\n<h2>1733<\/h2>\n<p>Aus einer Schie\u00dfrolle der Lemgoer Sch\u00fctzengesellschaft ergibt sich, dass die Sch\u00fctzenkompanie aus 12 Rotts besteht und von 2 Capit\u00e4nen, 2 Lieutenats, 1 F\u00e4hnrich, 2 F\u00fchrern und einer Anzahl Rottmeistern befehligt wird, Gesamtzahl 216 Mann (ein Rott besteht aus 18 Mann). Erw\u00e4hnt werden auch 2 Rotts vom &#8222;Langen Gewehr&#8220; (d.h. mit Hellebarden).<\/p>\n<h2>1733<\/h2>\n<p>Das alte Wirtschaftshaus wird abgerissen und ein neues gebaut.<\/p>\n<h2>14. Juli 1734<\/h2>\n<p>wird eine neue Fahne gestiftet, vorhanden im St\u00e4dtischen Museum Hexenb\u00fcrgermeisterhaus in Lemgo.<\/p>\n<h2>1774<\/h2>\n<p>Regulativ f\u00fcr die Sch\u00fctzenkompanie in Lemgo, welches unter anderem das Verfahren bei der Neubesetzung von Offiziersstellen, bei der j\u00e4hrlichen Aufnahme neuer B\u00fcrger, bei der Festordnung des j\u00e4hrlichen Vogelschie\u00dfens, bei Ordnungsfunktionen zur Aufwartung der Landesherrschaft, bei Magistratswahlen, bei Visitationen, bei der Abholung von Delinquenten sowie Verurteilungen enth\u00e4lt. Der Dienst als Sch\u00fctze war B\u00fcrgerpflicht.<\/p>\n<h2>1834<\/h2>\n<p>wird eine neue Fahne vom F\u00fcrsten gestiftet, die an die Stelle der hundertj\u00e4hrigen Fahne treten sollte. Bestickt wurde die Fahne von der Tochter des F\u00fcrsten, Luise, \u00c4btissin von Lemgo und Cappel.<\/p>\n<h2>1836<\/h2>\n<p>Die Freischie\u00dfengesellschaft entsteht. Zur F\u00f6rderung und Belebung des Gemeinsinns werden alle Lemgoer Einwohner &#8211; nicht nur die B\u00fcrger- zur Teilnahme an den Sch\u00fctzenfesten aufgefordert.<\/p>\n<h2>18. Oktober 1838<\/h2>\n<p>erh\u00e4lt die Freischie\u00dfengesellschaft eine eigene Fahne. Das Offizierskorps besteht aus Oberst, Major, 2 Capit\u00e4nen, 2 Premier- und Secundlieutnants, 1 F\u00e4hnrich, 2 Fahnenoffizieren im Lieutnantsrang, Adjutanten und einem Rechnungsf\u00fchrer.<\/p>\n<h2>1847<\/h2>\n<p>wird ein neues Wirtschaftsgeb\u00e4ude errichtet.<\/p>\n<h2>1849<\/h2>\n<p>Die Stadt Lemgo \u00fcbernimmt den Sch\u00fctzenplatz mit Geb\u00e4ude.<\/p>\n<h2>1863<\/h2>\n<p>Erstmalig eine Sch\u00fctzenk\u00f6nigin &#8211; Hermine Wippermann. Sie stiftete die K\u00f6nigskette.<\/p>\n<h2>1880<\/h2>\n<p>wird der zweij\u00e4hrige Turnus f\u00fcr die Sch\u00fctzenfeste eingef\u00fchrt.<\/p>\n<h2>1886<\/h2>\n<p>erh\u00e4lt die Freischie\u00dfengesellschaft die Rechte einer juristischen Person.<br \/>Der Verein erwirbt den Sch\u00fctzenplatz von der Stadt zur\u00fcck. Ab 1886 und in den folgenden Jahren wurde er erweitert.<\/p>\n<h2>1888<\/h2>\n<p>wird die Sch\u00fctzenhalle fertiggestellt.<\/p>\n<h2>1892<\/h2>\n<p>wird eine Kette f\u00fcr die K\u00f6nigin gestiftet.<\/p>\n<h2>1908<\/h2>\n<p>Der Vorschlag zur zeitgem\u00e4\u00dfen milit\u00e4rischen Uniformierung der Sch\u00fctzen wird nicht durchgef\u00fchrt.<\/p>\n<h2>21.-23. Juni 1925<\/h2>\n<p>350-j\u00e4hrige Jubelfeier mit historischem Festzug. Der Verein hat 800 bis 900 Mitglieder, einen aus 5 Personen bestehenden Verwaltungsrat und einen Vorstand mit 26 Personen.<\/p>\n<h2>1926\/27<\/h2>\n<p>Das Sch\u00fctzenhaus wird gebaut.<\/p>\n<h2>1934<\/h2>\n<p>Im Zuge der Gleichschaltung mu\u00df der Verein dem Deutschen Sch\u00fctzenbund beitreten.<\/p>\n<h2>1938<\/h2>\n<p>wird der Deutsche Sch\u00fctzenbund dem NS-Reichsbund f\u00fcr Leibes\u00fcbungen angegliedert.<\/p>\n<h2>1945<\/h2>\n<p>Die Freischie\u00dfengesellschaft nennt sich B\u00fcrgerverein, das Sch\u00fctzenhaus wird als B\u00fcrgerheim bezeichnet und von der Stadt als \u00f6ffentliches Geb\u00e4ude ausgewiesen. Dennoch erfolgt Beschlagnahmung.<\/p>\n<h2>27. September 1947<\/h2>\n<p>findet die erste sogenannte erweiterte Vorstandsitzung statt.<\/p>\n<h2>5. September 1949<\/h2>\n<p>Neugr\u00fcndung der &#8222;Lemgoer Sch\u00fctzengesellschaft&#8220;.<\/p>\n<h2>15.-18. Juli 1950<\/h2>\n<p>Erstes Sch\u00fctzenfest nach dem Zweiten Weltkrieg verbunden mit der 375-j\u00e4hrigen Jubelfeier.<\/p>\n<h2>14. Januar 1970<\/h2>\n<p>Der Kleinkaliberschie\u00dfverein wird Schie\u00dfgruppe der Lemgoer Sch\u00fctzengesellschaft<\/p>\n<h2>1971<\/h2>\n<p>Westf\u00e4lischer Sch\u00fctzentag in Lemgo<\/p>\n<h2>1975<\/h2>\n<p>400-Jahrfeier zum Jubil\u00e4um der Gesellschaft.<\/p>\n<h2>25. April 1976<\/h2>\n<p>Ein Brand ungekl\u00e4rter Ursache vernichtet das alte Sch\u00fctzenhaus von 1926.<\/p>\n<h2>1980<\/h2>\n<p>Baubeginn des neuen Sch\u00fctzenhauses. Es wird anstelle der urspr\u00fcnglichen Schie\u00dfanlage errichtet.<\/p>\n<h2>1986<\/h2>\n<p>Auszeichnung durch den Bundespr\u00e4sidenten f\u00fcr Pflege des Brauchtums und des Schie\u00dfsportes.<\/p>\n<h2>1990<\/h2>\n<p>Der zweite Lippische Sch\u00fctzentag in Lemgo.<\/p>\n<h2>11.-14. August 2000<\/h2>\n<p>Das Sch\u00fctzenfest 2000 verbunden mit der 425-Jahrfeier. Die Gesellschaft hat ca. 1.500 Mitglieder.<\/p>\n<h2>10.-11. Oktober 2003<\/h2>\n<p>Der 54. Westf\u00e4lische Sch\u00fctzentag findet in Lemgo statt.<\/p>\n<h2>24. M\u00e4rz 2006<\/h2>\n<p>Die Sch\u00fctzengesellschaft erh\u00e4lt eine vollst\u00e4ndig \u00fcberarbeitete Satzung. Die F\u00fchrungsspitze wird geschrumpft. Einen Verwaltungsrat gibt es nicht mehr. Die Gesch\u00e4ftsf\u00fchrung obliegt von nun an dem Oberst, dem Major sowie Schriftf\u00fchrer und Rechnungsf\u00fchrer.<\/p>\n<h2>3. Juni 2007<\/h2>\n<p>25-Jahrfeier hinsichtlich des Bestehens des neuen Sch\u00fctzenhauses.<\/p>\n<h2>20. Oktober 2007<\/h2>\n<p>Die Gesellschaft feiert das bis dahin gr\u00f6\u00dfte Oktoberfest ihrer Geschichte auf dem Regenstorplatz in Lemgo. Das Zelt nimmt \u00fcber 3.200 feierwillige G\u00e4ste auf.<\/p>\n<\/article>\n<\/div>","protected":false},"excerpt":{"rendered":"<p>Chronik 7. Februar 1600 Das Sch\u00fctzenstatut vom 4. Januar 1577 wurde erneuert und die Mitgliederzahl auf 150 gemeine Sch\u00fctzen erh\u00f6ht.Erw\u00e4hnt werden auch 18 besonders vornehme Sch\u00fctzen, zumeist Ratsmitglieder oder Inhaber anderer Ehren\u00e4mter, mit dem &#8222;Langen Gewehr&#8220; (d.h. mit Hellebarden), die vor und hinter der Fahne marschierten und das Vorrecht besa\u00dfen, die Wache bei vornehmen G\u00e4sten [&hellip;]<\/p>\n","protected":false},"author":1,"featured_media":1899,"parent":0,"menu_order":0,"comment_status":"closed","ping_status":"closed","template":"","meta":{"site-sidebar-layout":"default","site-content-layout":"","ast-site-content-layout":"default","site-content-style":"default","site-sidebar-style":"default","ast-global-header-display":"","ast-banner-title-visibility":"","ast-main-header-display":"","ast-hfb-above-header-display":"","ast-hfb-below-header-display":"","ast-hfb-mobile-header-display":"","site-post-title":"disabled","ast-breadcrumbs-content":"","ast-featured-img":"","footer-sml-layout":"","ast-disable-related-posts":"","theme-transparent-header-meta":"","adv-header-id-meta":"","stick-header-meta":"","header-above-stick-meta":"","header-main-stick-meta":"","header-below-stick-meta":"","astra-migrate-meta-layouts":"set","ast-page-background-enabled":"default","ast-page-background-meta":{"desktop":{"background-color":"var(--ast-global-color-4)","background-image":"","background-repeat":"repeat","background-position":"center center","background-size":"auto","background-attachment":"scroll","background-type":"","background-media":"","overlay-type":"","overlay-color":"","overlay-opacity":"","overlay-gradient":""},"tablet":{"background-color":"","background-image":"","background-repeat":"repeat","background-position":"center center","background-size":"auto","background-attachment":"scroll","background-type":"","background-media":"","overlay-type":"","overlay-color":"","overlay-opacity":"","overlay-gradient":""},"mobile":{"background-color":"","background-image":"","background-repeat":"repeat","background-position":"center center","background-size":"auto","background-attachment":"scroll","background-type":"","background-media":"","overlay-type":"","overlay-color":"","overlay-opacity":"","overlay-gradient":""}},"ast-content-background-meta":{"desktop":{"background-color":"var(--ast-global-color-5)","background-image":"","background-repeat":"repeat","background-position":"center center","background-size":"auto","background-attachment":"scroll","background-type":"","background-media":"","overlay-type":"","overlay-color":"","overlay-opacity":"","overlay-gradient":""},"tablet":{"background-color":"var(--ast-global-color-5)","background-image":"","background-repeat":"repeat","background-position":"center center","background-size":"auto","background-attachment":"scroll","background-type":"","background-media":"","overlay-type":"","overlay-color":"","overlay-opacity":"","overlay-gradient":""},"mobile":{"background-color":"var(--ast-global-color-5)","background-image":"","background-repeat":"repeat","background-position":"center center","background-size":"auto","background-attachment":"scroll","background-type":"","background-media":"","overlay-type":"","overlay-color":"","overlay-opacity":"","overlay-gradient":""}},"footnotes":""},"class_list":["post-2249","page","type-page","status-publish","has-post-thumbnail","hentry"],"yoast_head":"<!-- This site is optimized with the Yoast SEO plugin v27.3 - https:\/\/yoast.com\/product\/yoast-seo-wordpress\/ -->\n<title>Chronik - Lemgoer Sch\u00fctzengesellschaft von 1575 e.V.<\/title>\n<meta name=\"description\" content=\"Die Lemgoer Sch\u00fctzen haben eine bewegte Vergangenheit. Finde hier einige Highlights von Ereignissen seit der Gr\u00fcndung in 1575\" \/>\n<meta name=\"robots\" content=\"index, follow, max-snippet:-1, max-image-preview:large, max-video-preview:-1\" \/>\n<link rel=\"canonical\" href=\"https:\/\/schuetzen-lemgo.de\/?page_id=2249\" \/>\n<meta property=\"og:locale\" content=\"de_DE\" \/>\n<meta property=\"og:type\" content=\"article\" \/>\n<meta property=\"og:title\" content=\"Chronik - Lemgoer Sch\u00fctzengesellschaft von 1575 e.V.\" \/>\n<meta property=\"og:description\" content=\"Die Lemgoer Sch\u00fctzen haben eine bewegte Vergangenheit. Finde hier einige Highlights von Ereignissen seit der Gr\u00fcndung in 1575\" \/>\n<meta property=\"og:url\" content=\"https:\/\/schuetzen-lemgo.de\/?page_id=2249\" \/>\n<meta property=\"og:site_name\" content=\"Lemgoer Sch\u00fctzengesellschaft von 1575 e.V.\" \/>\n<meta property=\"article:publisher\" content=\"https:\/\/www.facebook.com\/SchuetzenLemgo\" \/>\n<meta property=\"article:modified_time\" content=\"2025-12-11T09:07:28+00:00\" \/>\n<meta property=\"og:image\" content=\"https:\/\/schuetzen-lemgo.de\/wordpress\/wp-content\/uploads\/2024\/08\/Logo-300-DPI_Transparent_Quadrat.png\" \/>\n\t<meta property=\"og:image:width\" content=\"524\" \/>\n\t<meta property=\"og:image:height\" content=\"524\" \/>\n\t<meta property=\"og:image:type\" content=\"image\/png\" \/>\n<meta name=\"twitter:card\" content=\"summary_large_image\" \/>\n<meta name=\"twitter:label1\" content=\"Gesch\u00e4tzte Lesezeit\" \/>\n\t<meta name=\"twitter:data1\" content=\"5\u00a0Minuten\" \/>\n<script type=\"application\/ld+json\" class=\"yoast-schema-graph\">{\"@context\":\"https:\\\/\\\/schema.org\",\"@graph\":[{\"@type\":\"WebPage\",\"@id\":\"https:\\\/\\\/schuetzen-lemgo.de\\\/?page_id=2249\",\"url\":\"https:\\\/\\\/schuetzen-lemgo.de\\\/?page_id=2249\",\"name\":\"Chronik - Lemgoer Sch\u00fctzengesellschaft von 1575 e.V.\",\"isPartOf\":{\"@id\":\"https:\\\/\\\/schuetzen-lemgo.de\\\/#website\"},\"primaryImageOfPage\":{\"@id\":\"https:\\\/\\\/schuetzen-lemgo.de\\\/?page_id=2249#primaryimage\"},\"image\":{\"@id\":\"https:\\\/\\\/schuetzen-lemgo.de\\\/?page_id=2249#primaryimage\"},\"thumbnailUrl\":\"https:\\\/\\\/schuetzen-lemgo.de\\\/wordpress\\\/wp-content\\\/uploads\\\/2024\\\/08\\\/Logo-300-DPI_Transparent_Quadrat.png\",\"datePublished\":\"2024-08-23T16:41:15+00:00\",\"dateModified\":\"2025-12-11T09:07:28+00:00\",\"description\":\"Die Lemgoer Sch\u00fctzen haben eine bewegte Vergangenheit. Finde hier einige Highlights von Ereignissen seit der Gr\u00fcndung in 1575\",\"breadcrumb\":{\"@id\":\"https:\\\/\\\/schuetzen-lemgo.de\\\/?page_id=2249#breadcrumb\"},\"inLanguage\":\"de\",\"potentialAction\":[{\"@type\":\"ReadAction\",\"target\":[\"https:\\\/\\\/schuetzen-lemgo.de\\\/?page_id=2249\"]}]},{\"@type\":\"ImageObject\",\"inLanguage\":\"de\",\"@id\":\"https:\\\/\\\/schuetzen-lemgo.de\\\/?page_id=2249#primaryimage\",\"url\":\"https:\\\/\\\/schuetzen-lemgo.de\\\/wordpress\\\/wp-content\\\/uploads\\\/2024\\\/08\\\/Logo-300-DPI_Transparent_Quadrat.png\",\"contentUrl\":\"https:\\\/\\\/schuetzen-lemgo.de\\\/wordpress\\\/wp-content\\\/uploads\\\/2024\\\/08\\\/Logo-300-DPI_Transparent_Quadrat.png\",\"width\":524,\"height\":524},{\"@type\":\"BreadcrumbList\",\"@id\":\"https:\\\/\\\/schuetzen-lemgo.de\\\/?page_id=2249#breadcrumb\",\"itemListElement\":[{\"@type\":\"ListItem\",\"position\":1,\"name\":\"Startseite\",\"item\":\"https:\\\/\\\/schuetzen-lemgo.de\\\/\"},{\"@type\":\"ListItem\",\"position\":2,\"name\":\"Chronik\"}]},{\"@type\":\"WebSite\",\"@id\":\"https:\\\/\\\/schuetzen-lemgo.de\\\/#website\",\"url\":\"https:\\\/\\\/schuetzen-lemgo.de\\\/\",\"name\":\"Lemgoer Sch\u00fctzengesellschaft von 1575 e.V.\",\"description\":\"Finden Sie wichtige Termine und weitere Informationen zu unserem Verein\",\"publisher\":{\"@id\":\"https:\\\/\\\/schuetzen-lemgo.de\\\/#organization\"},\"potentialAction\":[{\"@type\":\"SearchAction\",\"target\":{\"@type\":\"EntryPoint\",\"urlTemplate\":\"https:\\\/\\\/schuetzen-lemgo.de\\\/?s={search_term_string}\"},\"query-input\":{\"@type\":\"PropertyValueSpecification\",\"valueRequired\":true,\"valueName\":\"search_term_string\"}}],\"inLanguage\":\"de\"},{\"@type\":\"Organization\",\"@id\":\"https:\\\/\\\/schuetzen-lemgo.de\\\/#organization\",\"name\":\"Lemgoer Sch\u00fctzengesellschaft von 1575 e.V.\",\"url\":\"https:\\\/\\\/schuetzen-lemgo.de\\\/\",\"logo\":{\"@type\":\"ImageObject\",\"inLanguage\":\"de\",\"@id\":\"https:\\\/\\\/schuetzen-lemgo.de\\\/#\\\/schema\\\/logo\\\/image\\\/\",\"url\":\"https:\\\/\\\/schuetzen-lemgo.de\\\/wordpress\\\/wp-content\\\/uploads\\\/2024\\\/08\\\/Logo-mit-Text-Schuetzengesellschaft-300-DPI_Transparent.png\",\"contentUrl\":\"https:\\\/\\\/schuetzen-lemgo.de\\\/wordpress\\\/wp-content\\\/uploads\\\/2024\\\/08\\\/Logo-mit-Text-Schuetzengesellschaft-300-DPI_Transparent.png\",\"width\":1654,\"height\":558,\"caption\":\"Lemgoer Sch\u00fctzengesellschaft von 1575 e.V.\"},\"image\":{\"@id\":\"https:\\\/\\\/schuetzen-lemgo.de\\\/#\\\/schema\\\/logo\\\/image\\\/\"},\"sameAs\":[\"https:\\\/\\\/www.facebook.com\\\/SchuetzenLemgo\"]}]}<\/script>\n<!-- \/ Yoast SEO plugin. -->","yoast_head_json":{"title":"Chronik - Lemgoer Sch\u00fctzengesellschaft von 1575 e.V.","description":"Die Lemgoer Sch\u00fctzen haben eine bewegte Vergangenheit. Finde hier einige Highlights von Ereignissen seit der Gr\u00fcndung in 1575","robots":{"index":"index","follow":"follow","max-snippet":"max-snippet:-1","max-image-preview":"max-image-preview:large","max-video-preview":"max-video-preview:-1"},"canonical":"https:\/\/schuetzen-lemgo.de\/?page_id=2249","og_locale":"de_DE","og_type":"article","og_title":"Chronik - Lemgoer Sch\u00fctzengesellschaft von 1575 e.V.","og_description":"Die Lemgoer Sch\u00fctzen haben eine bewegte Vergangenheit. Finde hier einige Highlights von Ereignissen seit der Gr\u00fcndung in 1575","og_url":"https:\/\/schuetzen-lemgo.de\/?page_id=2249","og_site_name":"Lemgoer Sch\u00fctzengesellschaft von 1575 e.V.","article_publisher":"https:\/\/www.facebook.com\/SchuetzenLemgo","article_modified_time":"2025-12-11T09:07:28+00:00","og_image":[{"width":524,"height":524,"url":"https:\/\/schuetzen-lemgo.de\/wordpress\/wp-content\/uploads\/2024\/08\/Logo-300-DPI_Transparent_Quadrat.png","type":"image\/png"}],"twitter_card":"summary_large_image","twitter_misc":{"Gesch\u00e4tzte Lesezeit":"5\u00a0Minuten"},"schema":{"@context":"https:\/\/schema.org","@graph":[{"@type":"WebPage","@id":"https:\/\/schuetzen-lemgo.de\/?page_id=2249","url":"https:\/\/schuetzen-lemgo.de\/?page_id=2249","name":"Chronik - Lemgoer Sch\u00fctzengesellschaft von 1575 e.V.","isPartOf":{"@id":"https:\/\/schuetzen-lemgo.de\/#website"},"primaryImageOfPage":{"@id":"https:\/\/schuetzen-lemgo.de\/?page_id=2249#primaryimage"},"image":{"@id":"https:\/\/schuetzen-lemgo.de\/?page_id=2249#primaryimage"},"thumbnailUrl":"https:\/\/schuetzen-lemgo.de\/wordpress\/wp-content\/uploads\/2024\/08\/Logo-300-DPI_Transparent_Quadrat.png","datePublished":"2024-08-23T16:41:15+00:00","dateModified":"2025-12-11T09:07:28+00:00","description":"Die Lemgoer Sch\u00fctzen haben eine bewegte Vergangenheit. Finde hier einige Highlights von Ereignissen seit der Gr\u00fcndung in 1575","breadcrumb":{"@id":"https:\/\/schuetzen-lemgo.de\/?page_id=2249#breadcrumb"},"inLanguage":"de","potentialAction":[{"@type":"ReadAction","target":["https:\/\/schuetzen-lemgo.de\/?page_id=2249"]}]},{"@type":"ImageObject","inLanguage":"de","@id":"https:\/\/schuetzen-lemgo.de\/?page_id=2249#primaryimage","url":"https:\/\/schuetzen-lemgo.de\/wordpress\/wp-content\/uploads\/2024\/08\/Logo-300-DPI_Transparent_Quadrat.png","contentUrl":"https:\/\/schuetzen-lemgo.de\/wordpress\/wp-content\/uploads\/2024\/08\/Logo-300-DPI_Transparent_Quadrat.png","width":524,"height":524},{"@type":"BreadcrumbList","@id":"https:\/\/schuetzen-lemgo.de\/?page_id=2249#breadcrumb","itemListElement":[{"@type":"ListItem","position":1,"name":"Startseite","item":"https:\/\/schuetzen-lemgo.de\/"},{"@type":"ListItem","position":2,"name":"Chronik"}]},{"@type":"WebSite","@id":"https:\/\/schuetzen-lemgo.de\/#website","url":"https:\/\/schuetzen-lemgo.de\/","name":"Lemgoer Sch\u00fctzengesellschaft von 1575 e.V.","description":"Finden Sie wichtige Termine und weitere Informationen zu unserem Verein","publisher":{"@id":"https:\/\/schuetzen-lemgo.de\/#organization"},"potentialAction":[{"@type":"SearchAction","target":{"@type":"EntryPoint","urlTemplate":"https:\/\/schuetzen-lemgo.de\/?s={search_term_string}"},"query-input":{"@type":"PropertyValueSpecification","valueRequired":true,"valueName":"search_term_string"}}],"inLanguage":"de"},{"@type":"Organization","@id":"https:\/\/schuetzen-lemgo.de\/#organization","name":"Lemgoer Sch\u00fctzengesellschaft von 1575 e.V.","url":"https:\/\/schuetzen-lemgo.de\/","logo":{"@type":"ImageObject","inLanguage":"de","@id":"https:\/\/schuetzen-lemgo.de\/#\/schema\/logo\/image\/","url":"https:\/\/schuetzen-lemgo.de\/wordpress\/wp-content\/uploads\/2024\/08\/Logo-mit-Text-Schuetzengesellschaft-300-DPI_Transparent.png","contentUrl":"https:\/\/schuetzen-lemgo.de\/wordpress\/wp-content\/uploads\/2024\/08\/Logo-mit-Text-Schuetzengesellschaft-300-DPI_Transparent.png","width":1654,"height":558,"caption":"Lemgoer Sch\u00fctzengesellschaft von 1575 e.V."},"image":{"@id":"https:\/\/schuetzen-lemgo.de\/#\/schema\/logo\/image\/"},"sameAs":["https:\/\/www.facebook.com\/SchuetzenLemgo"]}]}},"_links":{"self":[{"href":"https:\/\/schuetzen-lemgo.de\/index.php?rest_route=\/wp\/v2\/pages\/2249","targetHints":{"allow":["GET"]}}],"collection":[{"href":"https:\/\/schuetzen-lemgo.de\/index.php?rest_route=\/wp\/v2\/pages"}],"about":[{"href":"https:\/\/schuetzen-lemgo.de\/index.php?rest_route=\/wp\/v2\/types\/page"}],"author":[{"embeddable":true,"href":"https:\/\/schuetzen-lemgo.de\/index.php?rest_route=\/wp\/v2\/users\/1"}],"replies":[{"embeddable":true,"href":"https:\/\/schuetzen-lemgo.de\/index.php?rest_route=%2Fwp%2Fv2%2Fcomments&post=2249"}],"version-history":[{"count":4,"href":"https:\/\/schuetzen-lemgo.de\/index.php?rest_route=\/wp\/v2\/pages\/2249\/revisions"}],"predecessor-version":[{"id":2258,"href":"https:\/\/schuetzen-lemgo.de\/index.php?rest_route=\/wp\/v2\/pages\/2249\/revisions\/2258"}],"wp:featuredmedia":[{"embeddable":true,"href":"https:\/\/schuetzen-lemgo.de\/index.php?rest_route=\/wp\/v2\/media\/1899"}],"wp:attachment":[{"href":"https:\/\/schuetzen-lemgo.de\/index.php?rest_route=%2Fwp%2Fv2%2Fmedia&parent=2249"}],"curies":[{"name":"wp","href":"https:\/\/api.w.org\/{rel}","templated":true}]}}